{"id":1163,"date":"2022-10-14T12:51:58","date_gmt":"2022-10-14T10:51:58","guid":{"rendered":"http:\/\/tarmac-equipements.fr\/?post_type=product&#038;p=1163"},"modified":"2022-10-14T12:52:02","modified_gmt":"2022-10-14T10:52:02","slug":"systeme-de-guidage-passagers-type-tensaguide-2x50-metres","status":"publish","type":"product","link":"https:\/\/tarmac-equipements.fr\/index.php\/produit\/systeme-de-guidage-passagers-type-tensaguide-2x50-metres\/","title":{"rendered":"Syst\u00e8me de guidage passagers type Tensaguide 2&#215;50 m\u00e8tres"},"content":{"rendered":"<p>Notre syst\u00e8me de guidage des passagers SGPTM est une solution simple et robuste pour guider les passagers lors de l\u2019embarquement et le d\u00e9barquement de l\u2019avion. Il encadre et veille \u00e0 ce que les passagers ne circulent pas sous les ailes de l\u2019a\u00e9ronef. Ce syst\u00e8me dispose d\u2019une grande visibilit\u00e9 par sa couleur fluo et dispose de sangles r\u00e9tractables avec double enrouleur facilitant le d\u00e9ploiement de toute la longueur de la sangle.<\/p>\n","protected":false},"excerpt":{"rendered":"<p>Permet le guidage des passagers lors d&#8217;embarquement et le d\u00e9barquement de l&rsquo;avion au sol.<\/p>\n","protected":false},"featured_media":0,"template":"","meta":{"_uag_custom_page_level_css":"","site-sidebar-layout":"default","site-content-layout":"default","ast-main-header-display":"","ast-hfb-above-header-display":"","ast-hfb-below-header-display":"","ast-hfb-mobile-header-display":"","site-post-title":"","ast-breadcrumbs-content":"","ast-featured-img":"","footer-sml-layout":"","theme-transparent-header-meta":"","adv-header-id-meta":"","stick-header-meta":"","header-above-stick-meta":"","header-main-stick-meta":"","header-below-stick-meta":""},"product_brand":[],"product_cat":[15],"product_tag":[],"class_list":{"0":"post-1163","1":"product","2":"type-product","3":"status-publish","5":"product_cat-non-classe","7":"first","8":"instock","9":"shipping-taxable","10":"product-type-simple"},"yoast_head":"<!-- This site is optimized with the Yoast SEO plugin v25.3 - https:\/\/yoast.com\/wordpress\/plugins\/seo\/ -->\n<title>Syst\u00e8me de guidage passagers type Tensaguide 2x50 m\u00e8tres - TARMAC EQUIPEMENTS<\/title>\n<meta name=\"robots\" content=\"index, follow, max-snippet:-1, max-image-preview:large, max-video-preview:-1\" \/>\n<link rel=\"canonical\" href=\"https:\/\/tarmac-equipements.fr\/index.php\/produit\/systeme-de-guidage-passagers-type-tensaguide-2x50-metres\/\" \/>\n<meta property=\"og:locale\" content=\"fr_FR\" \/>\n<meta property=\"og:type\" content=\"article\" \/>\n<meta property=\"og:title\" content=\"Syst\u00e8me de guidage passagers type Tensaguide 2x50 m\u00e8tres - TARMAC EQUIPEMENTS\" \/>\n<meta property=\"og:description\" content=\"Permet le guidage des passagers lors d&#039;embarquement et le d\u00e9barquement de l&#039;avion au sol.\" \/>\n<meta property=\"og:url\" content=\"https:\/\/tarmac-equipements.fr\/index.php\/produit\/systeme-de-guidage-passagers-type-tensaguide-2x50-metres\/\" \/>\n<meta property=\"og:site_name\" content=\"TARMAC EQUIPEMENTS\" \/>\n<meta property=\"article:modified_time\" content=\"2022-10-14T10:52:02+00:00\" \/>\n<meta name=\"twitter:card\" content=\"summary_large_image\" \/>\n<script type=\"application\/ld+json\" class=\"yoast-schema-graph\">{\"@context\":\"https:\/\/schema.org\",\"@graph\":[{\"@type\":\"WebPage\",\"@id\":\"https:\/\/tarmac-equipements.fr\/index.php\/produit\/systeme-de-guidage-passagers-type-tensaguide-2x50-metres\/\",\"url\":\"https:\/\/tarmac-equipements.fr\/index.php\/produit\/systeme-de-guidage-passagers-type-tensaguide-2x50-metres\/\",\"name\":\"Syst\u00e8me de guidage passagers type Tensaguide 2x50 m\u00e8tres - TARMAC EQUIPEMENTS\",\"isPartOf\":{\"@id\":\"https:\/\/tarmac-equipements.fr\/#website\"},\"datePublished\":\"2022-10-14T10:51:58+00:00\",\"dateModified\":\"2022-10-14T10:52:02+00:00\",\"breadcrumb\":{\"@id\":\"https:\/\/tarmac-equipements.fr\/index.php\/produit\/systeme-de-guidage-passagers-type-tensaguide-2x50-metres\/#breadcrumb\"},\"inLanguage\":\"fr-FR\",\"potentialAction\":[{\"@type\":\"ReadAction\",\"target\":[\"https:\/\/tarmac-equipements.fr\/index.php\/produit\/systeme-de-guidage-passagers-type-tensaguide-2x50-metres\/\"]}]},{\"@type\":\"BreadcrumbList\",\"@id\":\"https:\/\/tarmac-equipements.fr\/index.php\/produit\/systeme-de-guidage-passagers-type-tensaguide-2x50-metres\/#breadcrumb\",\"itemListElement\":[{\"@type\":\"ListItem\",\"position\":1,\"name\":\"Accueil\",\"item\":\"https:\/\/tarmac-equipements.fr\/\"},{\"@type\":\"ListItem\",\"position\":2,\"name\":\"NOS PRODUITS\",\"item\":\"https:\/\/tarmac-equipements.fr\/index.php\/boutique\/\"},{\"@type\":\"ListItem\",\"position\":3,\"name\":\"Syst\u00e8me de guidage passagers type Tensaguide 2&#215;50 m\u00e8tres\"}]},{\"@type\":\"WebSite\",\"@id\":\"https:\/\/tarmac-equipements.fr\/#website\",\"url\":\"https:\/\/tarmac-equipements.fr\/\",\"name\":\"TARMAC EQUIPEMENTS\",\"description\":\"ACCESSOIRES AEROPORTUAIRES\",\"publisher\":{\"@id\":\"https:\/\/tarmac-equipements.fr\/#organization\"},\"potentialAction\":[{\"@type\":\"SearchAction\",\"target\":{\"@type\":\"EntryPoint\",\"urlTemplate\":\"https:\/\/tarmac-equipements.fr\/?s={search_term_string}\"},\"query-input\":{\"@type\":\"PropertyValueSpecification\",\"valueRequired\":true,\"valueName\":\"search_term_string\"}}],\"inLanguage\":\"fr-FR\"},{\"@type\":\"Organization\",\"@id\":\"https:\/\/tarmac-equipements.fr\/#organization\",\"name\":\"TARMAC EQUIPEMENTS\",\"url\":\"https:\/\/tarmac-equipements.fr\/\",\"logo\":{\"@type\":\"ImageObject\",\"inLanguage\":\"fr-FR\",\"@id\":\"https:\/\/tarmac-equipements.fr\/#\/schema\/logo\/image\/\",\"url\":\"https:\/\/tarmac-equipements.fr\/wp-content\/uploads\/2022\/01\/Logo-Officiel.png\",\"contentUrl\":\"https:\/\/tarmac-equipements.fr\/wp-content\/uploads\/2022\/01\/Logo-Officiel.png\",\"width\":1024,\"height\":576,\"caption\":\"TARMAC EQUIPEMENTS\"},\"image\":{\"@id\":\"https:\/\/tarmac-equipements.fr\/#\/schema\/logo\/image\/\"}}]}<\/script>\n<!-- \/ Yoast SEO plugin. -->","yoast_head_json":{"title":"Syst\u00e8me de guidage passagers type Tensaguide 2x50 m\u00e8tres - TARMAC EQUIPEMENTS","robots":{"index":"index","follow":"follow","max-snippet":"max-snippet:-1","max-image-preview":"max-image-preview:large","max-video-preview":"max-video-preview:-1"},"canonical":"https:\/\/tarmac-equipements.fr\/index.php\/produit\/systeme-de-guidage-passagers-type-tensaguide-2x50-metres\/","og_locale":"fr_FR","og_type":"article","og_title":"Syst\u00e8me de guidage passagers type Tensaguide 2x50 m\u00e8tres - TARMAC EQUIPEMENTS","og_description":"Permet le guidage des passagers lors d'embarquement et le d\u00e9barquement de l'avion au sol.","og_url":"https:\/\/tarmac-equipements.fr\/index.php\/produit\/systeme-de-guidage-passagers-type-tensaguide-2x50-metres\/","og_site_name":"TARMAC EQUIPEMENTS","article_modified_time":"2022-10-14T10:52:02+00:00","twitter_card":"summary_large_image","schema":{"@context":"https:\/\/schema.org","@graph":[{"@type":"WebPage","@id":"https:\/\/tarmac-equipements.fr\/index.php\/produit\/systeme-de-guidage-passagers-type-tensaguide-2x50-metres\/","url":"https:\/\/tarmac-equipements.fr\/index.php\/produit\/systeme-de-guidage-passagers-type-tensaguide-2x50-metres\/","name":"Syst\u00e8me de guidage passagers type Tensaguide 2x50 m\u00e8tres - TARMAC EQUIPEMENTS","isPartOf":{"@id":"https:\/\/tarmac-equipements.fr\/#website"},"datePublished":"2022-10-14T10:51:58+00:00","dateModified":"2022-10-14T10:52:02+00:00","breadcrumb":{"@id":"https:\/\/tarmac-equipements.fr\/index.php\/produit\/systeme-de-guidage-passagers-type-tensaguide-2x50-metres\/#breadcrumb"},"inLanguage":"fr-FR","potentialAction":[{"@type":"ReadAction","target":["https:\/\/tarmac-equipements.fr\/index.php\/produit\/systeme-de-guidage-passagers-type-tensaguide-2x50-metres\/"]}]},{"@type":"BreadcrumbList","@id":"https:\/\/tarmac-equipements.fr\/index.php\/produit\/systeme-de-guidage-passagers-type-tensaguide-2x50-metres\/#breadcrumb","itemListElement":[{"@type":"ListItem","position":1,"name":"Accueil","item":"https:\/\/tarmac-equipements.fr\/"},{"@type":"ListItem","position":2,"name":"NOS PRODUITS","item":"https:\/\/tarmac-equipements.fr\/index.php\/boutique\/"},{"@type":"ListItem","position":3,"name":"Syst\u00e8me de guidage passagers type Tensaguide 2&#215;50 m\u00e8tres"}]},{"@type":"WebSite","@id":"https:\/\/tarmac-equipements.fr\/#website","url":"https:\/\/tarmac-equipements.fr\/","name":"TARMAC EQUIPEMENTS","description":"ACCESSOIRES AEROPORTUAIRES","publisher":{"@id":"https:\/\/tarmac-equipements.fr\/#organization"},"potentialAction":[{"@type":"SearchAction","target":{"@type":"EntryPoint","urlTemplate":"https:\/\/tarmac-equipements.fr\/?s={search_term_string}"},"query-input":{"@type":"PropertyValueSpecification","valueRequired":true,"valueName":"search_term_string"}}],"inLanguage":"fr-FR"},{"@type":"Organization","@id":"https:\/\/tarmac-equipements.fr\/#organization","name":"TARMAC EQUIPEMENTS","url":"https:\/\/tarmac-equipements.fr\/","logo":{"@type":"ImageObject","inLanguage":"fr-FR","@id":"https:\/\/tarmac-equipements.fr\/#\/schema\/logo\/image\/","url":"https:\/\/tarmac-equipements.fr\/wp-content\/uploads\/2022\/01\/Logo-Officiel.png","contentUrl":"https:\/\/tarmac-equipements.fr\/wp-content\/uploads\/2022\/01\/Logo-Officiel.png","width":1024,"height":576,"caption":"TARMAC EQUIPEMENTS"},"image":{"@id":"https:\/\/tarmac-equipements.fr\/#\/schema\/logo\/image\/"}}]}},"uagb_featured_image_src":{"full":false,"thumbnail":false,"medium":false,"medium_large":false,"large":false,"1536x1536":false,"2048x2048":false,"woocommerce_thumbnail":false,"woocommerce_single":false,"woocommerce_gallery_thumbnail":false},"uagb_author_info":{"display_name":"siteweb2c","author_link":"https:\/\/tarmac-equipements.fr\/index.php\/author\/"},"uagb_comment_info":0,"uagb_excerpt":"Permet le guidage des passagers lors d'embarquement et le d\u00e9barquement de l'avion au sol.","jetpack_sharing_enabled":true,"_links":{"self":[{"href":"https:\/\/tarmac-equipements.fr\/index.php\/wp-json\/wp\/v2\/product\/1163","targetHints":{"allow":["GET"]}}],"collection":[{"href":"https:\/\/tarmac-equipements.fr\/index.php\/wp-json\/wp\/v2\/product"}],"about":[{"href":"https:\/\/tarmac-equipements.fr\/index.php\/wp-json\/wp\/v2\/types\/product"}],"wp:attachment":[{"href":"https:\/\/tarmac-equipements.fr\/index.php\/wp-json\/wp\/v2\/media?parent=1163"}],"wp:term":[{"taxonomy":"product_brand","embeddable":true,"href":"https:\/\/tarmac-equipements.fr\/index.php\/wp-json\/wp\/v2\/product_brand?post=1163"},{"taxonomy":"product_cat","embeddable":true,"href":"https:\/\/tarmac-equipements.fr\/index.php\/wp-json\/wp\/v2\/product_cat?post=1163"},{"taxonomy":"product_tag","embeddable":true,"href":"https:\/\/tarmac-equipements.fr\/index.php\/wp-json\/wp\/v2\/product_tag?post=1163"}],"curies":[{"name":"wp","href":"https:\/\/api.w.org\/{rel}","templated":true}]}}