{"id":1176,"date":"2022-10-14T12:52:00","date_gmt":"2022-10-14T10:52:00","guid":{"rendered":"http:\/\/tarmac-equipements.fr\/?post_type=product&#038;p=1176"},"modified":"2022-10-14T12:52:03","modified_gmt":"2022-10-14T10:52:03","slug":"circlips-en-inox-pour-roue","status":"publish","type":"product","link":"https:\/\/tarmac-equipements.fr\/index.php\/produit\/circlips-en-inox-pour-roue\/","title":{"rendered":"Circlips en inox pour roue"},"content":{"rendered":"","protected":false},"excerpt":{"rendered":"<p>Circlips en inox pour roue pour le SGP (pi\u00e8ce d\u00e9tach\u00e9e)<\/p>\n","protected":false},"featured_media":0,"template":"","meta":{"_uag_custom_page_level_css":"","site-sidebar-layout":"default","site-content-layout":"default","ast-main-header-display":"","ast-hfb-above-header-display":"","ast-hfb-below-header-display":"","ast-hfb-mobile-header-display":"","site-post-title":"","ast-breadcrumbs-content":"","ast-featured-img":"","footer-sml-layout":"","theme-transparent-header-meta":"","adv-header-id-meta":"","stick-header-meta":"","header-above-stick-meta":"","header-main-stick-meta":"","header-below-stick-meta":""},"product_brand":[],"product_cat":[15],"product_tag":[],"class_list":{"0":"post-1176","1":"product","2":"type-product","3":"status-publish","5":"product_cat-non-classe","7":"first","8":"instock","9":"shipping-taxable","10":"product-type-simple"},"yoast_head":"<!-- This site is optimized with the Yoast SEO plugin v25.3 - https:\/\/yoast.com\/wordpress\/plugins\/seo\/ -->\n<title>Circlips en inox pour roue - TARMAC EQUIPEMENTS<\/title>\n<meta name=\"robots\" content=\"index, follow, max-snippet:-1, max-image-preview:large, max-video-preview:-1\" \/>\n<link rel=\"canonical\" href=\"http:\/\/tarmac-equipements.fr\/index.php\/produit\/circlips-en-inox-pour-roue\/\" \/>\n<meta property=\"og:locale\" content=\"fr_FR\" \/>\n<meta property=\"og:type\" content=\"article\" \/>\n<meta property=\"og:title\" content=\"Circlips en inox pour roue - TARMAC EQUIPEMENTS\" \/>\n<meta property=\"og:description\" content=\"Circlips en inox pour roue pour le SGP (pi\u00e8ce d\u00e9tach\u00e9e)\" \/>\n<meta property=\"og:url\" content=\"http:\/\/tarmac-equipements.fr\/index.php\/produit\/circlips-en-inox-pour-roue\/\" \/>\n<meta property=\"og:site_name\" content=\"TARMAC EQUIPEMENTS\" \/>\n<meta property=\"article:modified_time\" content=\"2022-10-14T10:52:03+00:00\" \/>\n<meta name=\"twitter:card\" content=\"summary_large_image\" \/>\n<script type=\"application\/ld+json\" class=\"yoast-schema-graph\">{\"@context\":\"https:\/\/schema.org\",\"@graph\":[{\"@type\":\"WebPage\",\"@id\":\"http:\/\/tarmac-equipements.fr\/index.php\/produit\/circlips-en-inox-pour-roue\/\",\"url\":\"http:\/\/tarmac-equipements.fr\/index.php\/produit\/circlips-en-inox-pour-roue\/\",\"name\":\"Circlips en inox pour roue - TARMAC EQUIPEMENTS\",\"isPartOf\":{\"@id\":\"https:\/\/tarmac-equipements.fr\/#website\"},\"datePublished\":\"2022-10-14T10:52:00+00:00\",\"dateModified\":\"2022-10-14T10:52:03+00:00\",\"breadcrumb\":{\"@id\":\"http:\/\/tarmac-equipements.fr\/index.php\/produit\/circlips-en-inox-pour-roue\/#breadcrumb\"},\"inLanguage\":\"fr-FR\",\"potentialAction\":[{\"@type\":\"ReadAction\",\"target\":[\"http:\/\/tarmac-equipements.fr\/index.php\/produit\/circlips-en-inox-pour-roue\/\"]}]},{\"@type\":\"BreadcrumbList\",\"@id\":\"http:\/\/tarmac-equipements.fr\/index.php\/produit\/circlips-en-inox-pour-roue\/#breadcrumb\",\"itemListElement\":[{\"@type\":\"ListItem\",\"position\":1,\"name\":\"Accueil\",\"item\":\"https:\/\/tarmac-equipements.fr\/\"},{\"@type\":\"ListItem\",\"position\":2,\"name\":\"NOS PRODUITS\",\"item\":\"https:\/\/tarmac-equipements.fr\/index.php\/boutique\/\"},{\"@type\":\"ListItem\",\"position\":3,\"name\":\"Circlips en inox pour roue\"}]},{\"@type\":\"WebSite\",\"@id\":\"https:\/\/tarmac-equipements.fr\/#website\",\"url\":\"https:\/\/tarmac-equipements.fr\/\",\"name\":\"TARMAC EQUIPEMENTS\",\"description\":\"ACCESSOIRES AEROPORTUAIRES\",\"publisher\":{\"@id\":\"https:\/\/tarmac-equipements.fr\/#organization\"},\"potentialAction\":[{\"@type\":\"SearchAction\",\"target\":{\"@type\":\"EntryPoint\",\"urlTemplate\":\"https:\/\/tarmac-equipements.fr\/?s={search_term_string}\"},\"query-input\":{\"@type\":\"PropertyValueSpecification\",\"valueRequired\":true,\"valueName\":\"search_term_string\"}}],\"inLanguage\":\"fr-FR\"},{\"@type\":\"Organization\",\"@id\":\"https:\/\/tarmac-equipements.fr\/#organization\",\"name\":\"TARMAC EQUIPEMENTS\",\"url\":\"https:\/\/tarmac-equipements.fr\/\",\"logo\":{\"@type\":\"ImageObject\",\"inLanguage\":\"fr-FR\",\"@id\":\"https:\/\/tarmac-equipements.fr\/#\/schema\/logo\/image\/\",\"url\":\"https:\/\/tarmac-equipements.fr\/wp-content\/uploads\/2022\/01\/Logo-Officiel.png\",\"contentUrl\":\"https:\/\/tarmac-equipements.fr\/wp-content\/uploads\/2022\/01\/Logo-Officiel.png\",\"width\":1024,\"height\":576,\"caption\":\"TARMAC EQUIPEMENTS\"},\"image\":{\"@id\":\"https:\/\/tarmac-equipements.fr\/#\/schema\/logo\/image\/\"}}]}<\/script>\n<!-- \/ Yoast SEO plugin. -->","yoast_head_json":{"title":"Circlips en inox pour roue - TARMAC EQUIPEMENTS","robots":{"index":"index","follow":"follow","max-snippet":"max-snippet:-1","max-image-preview":"max-image-preview:large","max-video-preview":"max-video-preview:-1"},"canonical":"http:\/\/tarmac-equipements.fr\/index.php\/produit\/circlips-en-inox-pour-roue\/","og_locale":"fr_FR","og_type":"article","og_title":"Circlips en inox pour roue - TARMAC EQUIPEMENTS","og_description":"Circlips en inox pour roue pour le SGP (pi\u00e8ce d\u00e9tach\u00e9e)","og_url":"http:\/\/tarmac-equipements.fr\/index.php\/produit\/circlips-en-inox-pour-roue\/","og_site_name":"TARMAC EQUIPEMENTS","article_modified_time":"2022-10-14T10:52:03+00:00","twitter_card":"summary_large_image","schema":{"@context":"https:\/\/schema.org","@graph":[{"@type":"WebPage","@id":"http:\/\/tarmac-equipements.fr\/index.php\/produit\/circlips-en-inox-pour-roue\/","url":"http:\/\/tarmac-equipements.fr\/index.php\/produit\/circlips-en-inox-pour-roue\/","name":"Circlips en inox pour roue - TARMAC EQUIPEMENTS","isPartOf":{"@id":"https:\/\/tarmac-equipements.fr\/#website"},"datePublished":"2022-10-14T10:52:00+00:00","dateModified":"2022-10-14T10:52:03+00:00","breadcrumb":{"@id":"http:\/\/tarmac-equipements.fr\/index.php\/produit\/circlips-en-inox-pour-roue\/#breadcrumb"},"inLanguage":"fr-FR","potentialAction":[{"@type":"ReadAction","target":["http:\/\/tarmac-equipements.fr\/index.php\/produit\/circlips-en-inox-pour-roue\/"]}]},{"@type":"BreadcrumbList","@id":"http:\/\/tarmac-equipements.fr\/index.php\/produit\/circlips-en-inox-pour-roue\/#breadcrumb","itemListElement":[{"@type":"ListItem","position":1,"name":"Accueil","item":"https:\/\/tarmac-equipements.fr\/"},{"@type":"ListItem","position":2,"name":"NOS PRODUITS","item":"https:\/\/tarmac-equipements.fr\/index.php\/boutique\/"},{"@type":"ListItem","position":3,"name":"Circlips en inox pour roue"}]},{"@type":"WebSite","@id":"https:\/\/tarmac-equipements.fr\/#website","url":"https:\/\/tarmac-equipements.fr\/","name":"TARMAC EQUIPEMENTS","description":"ACCESSOIRES AEROPORTUAIRES","publisher":{"@id":"https:\/\/tarmac-equipements.fr\/#organization"},"potentialAction":[{"@type":"SearchAction","target":{"@type":"EntryPoint","urlTemplate":"https:\/\/tarmac-equipements.fr\/?s={search_term_string}"},"query-input":{"@type":"PropertyValueSpecification","valueRequired":true,"valueName":"search_term_string"}}],"inLanguage":"fr-FR"},{"@type":"Organization","@id":"https:\/\/tarmac-equipements.fr\/#organization","name":"TARMAC EQUIPEMENTS","url":"https:\/\/tarmac-equipements.fr\/","logo":{"@type":"ImageObject","inLanguage":"fr-FR","@id":"https:\/\/tarmac-equipements.fr\/#\/schema\/logo\/image\/","url":"https:\/\/tarmac-equipements.fr\/wp-content\/uploads\/2022\/01\/Logo-Officiel.png","contentUrl":"https:\/\/tarmac-equipements.fr\/wp-content\/uploads\/2022\/01\/Logo-Officiel.png","width":1024,"height":576,"caption":"TARMAC EQUIPEMENTS"},"image":{"@id":"https:\/\/tarmac-equipements.fr\/#\/schema\/logo\/image\/"}}]}},"uagb_featured_image_src":{"full":false,"thumbnail":false,"medium":false,"medium_large":false,"large":false,"1536x1536":false,"2048x2048":false,"woocommerce_thumbnail":false,"woocommerce_single":false,"woocommerce_gallery_thumbnail":false},"uagb_author_info":{"display_name":"siteweb2c","author_link":"https:\/\/tarmac-equipements.fr\/index.php\/author\/"},"uagb_comment_info":0,"uagb_excerpt":"Circlips en inox pour roue pour le SGP (pi\u00e8ce d\u00e9tach\u00e9e)","jetpack_sharing_enabled":true,"_links":{"self":[{"href":"https:\/\/tarmac-equipements.fr\/index.php\/wp-json\/wp\/v2\/product\/1176","targetHints":{"allow":["GET"]}}],"collection":[{"href":"https:\/\/tarmac-equipements.fr\/index.php\/wp-json\/wp\/v2\/product"}],"about":[{"href":"https:\/\/tarmac-equipements.fr\/index.php\/wp-json\/wp\/v2\/types\/product"}],"wp:attachment":[{"href":"https:\/\/tarmac-equipements.fr\/index.php\/wp-json\/wp\/v2\/media?parent=1176"}],"wp:term":[{"taxonomy":"product_brand","embeddable":true,"href":"https:\/\/tarmac-equipements.fr\/index.php\/wp-json\/wp\/v2\/product_brand?post=1176"},{"taxonomy":"product_cat","embeddable":true,"href":"https:\/\/tarmac-equipements.fr\/index.php\/wp-json\/wp\/v2\/product_cat?post=1176"},{"taxonomy":"product_tag","embeddable":true,"href":"https:\/\/tarmac-equipements.fr\/index.php\/wp-json\/wp\/v2\/product_tag?post=1176"}],"curies":[{"name":"wp","href":"https:\/\/api.w.org\/{rel}","templated":true}]}}