{"id":1274,"date":"2022-10-21T11:36:34","date_gmt":"2022-10-21T09:36:34","guid":{"rendered":"http:\/\/tarmac-equipements.fr\/?post_type=product&#038;p=1274"},"modified":"2022-10-27T13:27:45","modified_gmt":"2022-10-27T11:27:45","slug":"cale-avion-en-caoutchouc-jaune-60-cm-146-kg","status":"publish","type":"product","link":"https:\/\/tarmac-equipements.fr\/index.php\/produit\/cale-avion-en-caoutchouc-jaune-60-cm-146-kg\/","title":{"rendered":"Cale avion en caoutchouc jaune 60 cm 14,6 kg"},"content":{"rendered":"<p>Mati\u00e8re : caoutchouc naturel<br \/>\nCouleur : jaune<br \/>\nLongueur : 600 mm<br \/>\nPoids : 14,6 kg<br \/>\nZone de travail : 180 mm<br \/>\nHauteur : 155 mm<\/p>\n<p>Cale munie d&rsquo;une corde en poly\u00e9thyl\u00e8ne.<\/p>\n","protected":false},"excerpt":{"rendered":"<p>Nos cales en caoutchouc sont con\u00e7ues pour une utilisation dans de multiples domaines : aviation civile et militaire, mat\u00e9riel handling, engins de BTP, h\u00e9licopt\u00e8res, poids lourds\u2026<\/p>\n","protected":false},"featured_media":1334,"template":"","meta":{"_uag_custom_page_level_css":"","site-sidebar-layout":"default","site-content-layout":"default","ast-main-header-display":"","ast-hfb-above-header-display":"","ast-hfb-below-header-display":"","ast-hfb-mobile-header-display":"","site-post-title":"","ast-breadcrumbs-content":"","ast-featured-img":"","footer-sml-layout":"","theme-transparent-header-meta":"","adv-header-id-meta":"","stick-header-meta":"","header-above-stick-meta":"","header-main-stick-meta":"","header-below-stick-meta":""},"product_brand":[],"product_cat":[25,50],"product_tag":[],"class_list":{"0":"post-1274","1":"product","2":"type-product","3":"status-publish","4":"has-post-thumbnail","6":"product_cat-calage","7":"product_cat-calage-industriel","9":"first","10":"instock","11":"shipping-taxable","12":"product-type-simple"},"yoast_head":"<!-- This site is optimized with the Yoast SEO plugin v25.3 - https:\/\/yoast.com\/wordpress\/plugins\/seo\/ -->\n<title>Cale avion en caoutchouc jaune 60 cm 14,6 kg<\/title>\n<meta name=\"description\" content=\"Adapt\u00e9 pour Airbus, Boeing, Bombardier, Embraer, ATR, MCDonnell Douglas, Dassault. Nos cales sont con\u00e7ues pour l&#039;aviation civile et militaire, mat\u00e9riel handling, engins de BTP, h\u00e9licopt\u00e8res, poids lourds\u2026\" \/>\n<meta name=\"robots\" content=\"index, follow, max-snippet:-1, max-image-preview:large, max-video-preview:-1\" \/>\n<link rel=\"canonical\" href=\"http:\/\/tarmac-equipements.fr\/index.php\/produit\/cale-avion-en-caoutchouc-jaune-60-cm-146-kg\/\" \/>\n<meta property=\"og:locale\" content=\"fr_FR\" \/>\n<meta property=\"og:type\" content=\"article\" \/>\n<meta property=\"og:title\" content=\"Cale avion en caoutchouc jaune 60 cm 14,6 kg\" \/>\n<meta property=\"og:description\" content=\"Adapt\u00e9 pour Airbus, Boeing, Bombardier, Embraer, ATR, MCDonnell Douglas, Dassault. Nos cales sont con\u00e7ues pour l&#039;aviation civile et militaire, mat\u00e9riel handling, engins de BTP, h\u00e9licopt\u00e8res, poids lourds\u2026\" \/>\n<meta property=\"og:url\" content=\"http:\/\/tarmac-equipements.fr\/index.php\/produit\/cale-avion-en-caoutchouc-jaune-60-cm-146-kg\/\" \/>\n<meta property=\"og:site_name\" content=\"TARMAC EQUIPEMENTS\" \/>\n<meta property=\"article:modified_time\" content=\"2022-10-27T11:27:45+00:00\" \/>\n<meta property=\"og:image\" content=\"http:\/\/tarmac-equipements.fr\/wp-content\/uploads\/2022\/10\/cale-avion-caoutchouc-Jaune-60cm.jpg?v=1672863577\" \/>\n\t<meta property=\"og:image:width\" content=\"2000\" \/>\n\t<meta property=\"og:image:height\" content=\"2000\" \/>\n\t<meta property=\"og:image:type\" content=\"image\/jpeg\" \/>\n<meta name=\"twitter:card\" content=\"summary_large_image\" \/>\n<meta name=\"twitter:label1\" content=\"Dur\u00e9e de lecture estim\u00e9e\" \/>\n\t<meta name=\"twitter:data1\" content=\"1 minute\" \/>\n<script type=\"application\/ld+json\" class=\"yoast-schema-graph\">{\"@context\":\"https:\/\/schema.org\",\"@graph\":[{\"@type\":\"WebPage\",\"@id\":\"http:\/\/tarmac-equipements.fr\/index.php\/produit\/cale-avion-en-caoutchouc-jaune-60-cm-146-kg\/\",\"url\":\"http:\/\/tarmac-equipements.fr\/index.php\/produit\/cale-avion-en-caoutchouc-jaune-60-cm-146-kg\/\",\"name\":\"Cale avion en caoutchouc jaune 60 cm 14,6 kg\",\"isPartOf\":{\"@id\":\"https:\/\/tarmac-equipements.fr\/#website\"},\"primaryImageOfPage\":{\"@id\":\"http:\/\/tarmac-equipements.fr\/index.php\/produit\/cale-avion-en-caoutchouc-jaune-60-cm-146-kg\/#primaryimage\"},\"image\":{\"@id\":\"http:\/\/tarmac-equipements.fr\/index.php\/produit\/cale-avion-en-caoutchouc-jaune-60-cm-146-kg\/#primaryimage\"},\"thumbnailUrl\":\"https:\/\/tarmac-equipements.fr\/wp-content\/uploads\/2022\/10\/cale-avion-caoutchouc-Jaune-60cm.jpg?v=1672863577\",\"datePublished\":\"2022-10-21T09:36:34+00:00\",\"dateModified\":\"2022-10-27T11:27:45+00:00\",\"description\":\"Adapt\u00e9 pour Airbus, Boeing, Bombardier, Embraer, ATR, MCDonnell Douglas, Dassault. Nos cales sont con\u00e7ues pour l'aviation civile et militaire, mat\u00e9riel handling, engins de BTP, h\u00e9licopt\u00e8res, poids lourds\u2026\",\"breadcrumb\":{\"@id\":\"http:\/\/tarmac-equipements.fr\/index.php\/produit\/cale-avion-en-caoutchouc-jaune-60-cm-146-kg\/#breadcrumb\"},\"inLanguage\":\"fr-FR\",\"potentialAction\":[{\"@type\":\"ReadAction\",\"target\":[\"http:\/\/tarmac-equipements.fr\/index.php\/produit\/cale-avion-en-caoutchouc-jaune-60-cm-146-kg\/\"]}]},{\"@type\":\"ImageObject\",\"inLanguage\":\"fr-FR\",\"@id\":\"http:\/\/tarmac-equipements.fr\/index.php\/produit\/cale-avion-en-caoutchouc-jaune-60-cm-146-kg\/#primaryimage\",\"url\":\"https:\/\/tarmac-equipements.fr\/wp-content\/uploads\/2022\/10\/cale-avion-caoutchouc-Jaune-60cm.jpg?v=1672863577\",\"contentUrl\":\"https:\/\/tarmac-equipements.fr\/wp-content\/uploads\/2022\/10\/cale-avion-caoutchouc-Jaune-60cm.jpg?v=1672863577\",\"width\":2000,\"height\":2000},{\"@type\":\"BreadcrumbList\",\"@id\":\"http:\/\/tarmac-equipements.fr\/index.php\/produit\/cale-avion-en-caoutchouc-jaune-60-cm-146-kg\/#breadcrumb\",\"itemListElement\":[{\"@type\":\"ListItem\",\"position\":1,\"name\":\"Accueil\",\"item\":\"https:\/\/tarmac-equipements.fr\/\"},{\"@type\":\"ListItem\",\"position\":2,\"name\":\"NOS PRODUITS\",\"item\":\"https:\/\/tarmac-equipements.fr\/index.php\/boutique\/\"},{\"@type\":\"ListItem\",\"position\":3,\"name\":\"Cale avion en caoutchouc jaune 60 cm 14,6 kg\"}]},{\"@type\":\"WebSite\",\"@id\":\"https:\/\/tarmac-equipements.fr\/#website\",\"url\":\"https:\/\/tarmac-equipements.fr\/\",\"name\":\"TARMAC EQUIPEMENTS\",\"description\":\"ACCESSOIRES AEROPORTUAIRES\",\"publisher\":{\"@id\":\"https:\/\/tarmac-equipements.fr\/#organization\"},\"potentialAction\":[{\"@type\":\"SearchAction\",\"target\":{\"@type\":\"EntryPoint\",\"urlTemplate\":\"https:\/\/tarmac-equipements.fr\/?s={search_term_string}\"},\"query-input\":{\"@type\":\"PropertyValueSpecification\",\"valueRequired\":true,\"valueName\":\"search_term_string\"}}],\"inLanguage\":\"fr-FR\"},{\"@type\":\"Organization\",\"@id\":\"https:\/\/tarmac-equipements.fr\/#organization\",\"name\":\"TARMAC EQUIPEMENTS\",\"url\":\"https:\/\/tarmac-equipements.fr\/\",\"logo\":{\"@type\":\"ImageObject\",\"inLanguage\":\"fr-FR\",\"@id\":\"https:\/\/tarmac-equipements.fr\/#\/schema\/logo\/image\/\",\"url\":\"https:\/\/tarmac-equipements.fr\/wp-content\/uploads\/2022\/01\/Logo-Officiel.png\",\"contentUrl\":\"https:\/\/tarmac-equipements.fr\/wp-content\/uploads\/2022\/01\/Logo-Officiel.png\",\"width\":1024,\"height\":576,\"caption\":\"TARMAC EQUIPEMENTS\"},\"image\":{\"@id\":\"https:\/\/tarmac-equipements.fr\/#\/schema\/logo\/image\/\"}}]}<\/script>\n<!-- \/ Yoast SEO plugin. -->","yoast_head_json":{"title":"Cale avion en caoutchouc jaune 60 cm 14,6 kg","description":"Adapt\u00e9 pour Airbus, Boeing, Bombardier, Embraer, ATR, MCDonnell Douglas, Dassault. Nos cales sont con\u00e7ues pour l'aviation civile et militaire, mat\u00e9riel handling, engins de BTP, h\u00e9licopt\u00e8res, poids lourds\u2026","robots":{"index":"index","follow":"follow","max-snippet":"max-snippet:-1","max-image-preview":"max-image-preview:large","max-video-preview":"max-video-preview:-1"},"canonical":"http:\/\/tarmac-equipements.fr\/index.php\/produit\/cale-avion-en-caoutchouc-jaune-60-cm-146-kg\/","og_locale":"fr_FR","og_type":"article","og_title":"Cale avion en caoutchouc jaune 60 cm 14,6 kg","og_description":"Adapt\u00e9 pour Airbus, Boeing, Bombardier, Embraer, ATR, MCDonnell Douglas, Dassault. Nos cales sont con\u00e7ues pour l'aviation civile et militaire, mat\u00e9riel handling, engins de BTP, h\u00e9licopt\u00e8res, poids lourds\u2026","og_url":"http:\/\/tarmac-equipements.fr\/index.php\/produit\/cale-avion-en-caoutchouc-jaune-60-cm-146-kg\/","og_site_name":"TARMAC EQUIPEMENTS","article_modified_time":"2022-10-27T11:27:45+00:00","og_image":[{"width":2000,"height":2000,"url":"http:\/\/tarmac-equipements.fr\/wp-content\/uploads\/2022\/10\/cale-avion-caoutchouc-Jaune-60cm.jpg?v=1672863577","type":"image\/jpeg"}],"twitter_card":"summary_large_image","twitter_misc":{"Dur\u00e9e de lecture estim\u00e9e":"1 minute"},"schema":{"@context":"https:\/\/schema.org","@graph":[{"@type":"WebPage","@id":"http:\/\/tarmac-equipements.fr\/index.php\/produit\/cale-avion-en-caoutchouc-jaune-60-cm-146-kg\/","url":"http:\/\/tarmac-equipements.fr\/index.php\/produit\/cale-avion-en-caoutchouc-jaune-60-cm-146-kg\/","name":"Cale avion en caoutchouc jaune 60 cm 14,6 kg","isPartOf":{"@id":"https:\/\/tarmac-equipements.fr\/#website"},"primaryImageOfPage":{"@id":"http:\/\/tarmac-equipements.fr\/index.php\/produit\/cale-avion-en-caoutchouc-jaune-60-cm-146-kg\/#primaryimage"},"image":{"@id":"http:\/\/tarmac-equipements.fr\/index.php\/produit\/cale-avion-en-caoutchouc-jaune-60-cm-146-kg\/#primaryimage"},"thumbnailUrl":"https:\/\/tarmac-equipements.fr\/wp-content\/uploads\/2022\/10\/cale-avion-caoutchouc-Jaune-60cm.jpg?v=1672863577","datePublished":"2022-10-21T09:36:34+00:00","dateModified":"2022-10-27T11:27:45+00:00","description":"Adapt\u00e9 pour Airbus, Boeing, Bombardier, Embraer, ATR, MCDonnell Douglas, Dassault. Nos cales sont con\u00e7ues pour l'aviation civile et militaire, mat\u00e9riel handling, engins de BTP, h\u00e9licopt\u00e8res, poids lourds\u2026","breadcrumb":{"@id":"http:\/\/tarmac-equipements.fr\/index.php\/produit\/cale-avion-en-caoutchouc-jaune-60-cm-146-kg\/#breadcrumb"},"inLanguage":"fr-FR","potentialAction":[{"@type":"ReadAction","target":["http:\/\/tarmac-equipements.fr\/index.php\/produit\/cale-avion-en-caoutchouc-jaune-60-cm-146-kg\/"]}]},{"@type":"ImageObject","inLanguage":"fr-FR","@id":"http:\/\/tarmac-equipements.fr\/index.php\/produit\/cale-avion-en-caoutchouc-jaune-60-cm-146-kg\/#primaryimage","url":"https:\/\/tarmac-equipements.fr\/wp-content\/uploads\/2022\/10\/cale-avion-caoutchouc-Jaune-60cm.jpg?v=1672863577","contentUrl":"https:\/\/tarmac-equipements.fr\/wp-content\/uploads\/2022\/10\/cale-avion-caoutchouc-Jaune-60cm.jpg?v=1672863577","width":2000,"height":2000},{"@type":"BreadcrumbList","@id":"http:\/\/tarmac-equipements.fr\/index.php\/produit\/cale-avion-en-caoutchouc-jaune-60-cm-146-kg\/#breadcrumb","itemListElement":[{"@type":"ListItem","position":1,"name":"Accueil","item":"https:\/\/tarmac-equipements.fr\/"},{"@type":"ListItem","position":2,"name":"NOS PRODUITS","item":"https:\/\/tarmac-equipements.fr\/index.php\/boutique\/"},{"@type":"ListItem","position":3,"name":"Cale avion en caoutchouc jaune 60 cm 14,6 kg"}]},{"@type":"WebSite","@id":"https:\/\/tarmac-equipements.fr\/#website","url":"https:\/\/tarmac-equipements.fr\/","name":"TARMAC EQUIPEMENTS","description":"ACCESSOIRES AEROPORTUAIRES","publisher":{"@id":"https:\/\/tarmac-equipements.fr\/#organization"},"potentialAction":[{"@type":"SearchAction","target":{"@type":"EntryPoint","urlTemplate":"https:\/\/tarmac-equipements.fr\/?s={search_term_string}"},"query-input":{"@type":"PropertyValueSpecification","valueRequired":true,"valueName":"search_term_string"}}],"inLanguage":"fr-FR"},{"@type":"Organization","@id":"https:\/\/tarmac-equipements.fr\/#organization","name":"TARMAC EQUIPEMENTS","url":"https:\/\/tarmac-equipements.fr\/","logo":{"@type":"ImageObject","inLanguage":"fr-FR","@id":"https:\/\/tarmac-equipements.fr\/#\/schema\/logo\/image\/","url":"https:\/\/tarmac-equipements.fr\/wp-content\/uploads\/2022\/01\/Logo-Officiel.png","contentUrl":"https:\/\/tarmac-equipements.fr\/wp-content\/uploads\/2022\/01\/Logo-Officiel.png","width":1024,"height":576,"caption":"TARMAC EQUIPEMENTS"},"image":{"@id":"https:\/\/tarmac-equipements.fr\/#\/schema\/logo\/image\/"}}]}},"uagb_featured_image_src":{"full":["https:\/\/tarmac-equipements.fr\/wp-content\/uploads\/2022\/10\/cale-avion-caoutchouc-Jaune-60cm.jpg?v=1672863577",2000,2000,false],"thumbnail":["https:\/\/tarmac-equipements.fr\/wp-content\/uploads\/2022\/10\/cale-avion-caoutchouc-Jaune-60cm-150x150.jpg?v=1672863577",150,150,true],"medium":["https:\/\/tarmac-equipements.fr\/wp-content\/uploads\/2022\/10\/cale-avion-caoutchouc-Jaune-60cm-300x300.jpg?v=1672863577",300,300,true],"medium_large":["https:\/\/tarmac-equipements.fr\/wp-content\/uploads\/2022\/10\/cale-avion-caoutchouc-Jaune-60cm-768x768.jpg?v=1672863577",768,768,true],"large":["https:\/\/tarmac-equipements.fr\/wp-content\/uploads\/2022\/10\/cale-avion-caoutchouc-Jaune-60cm-1024x1024.jpg?v=1672863577",1024,1024,true],"1536x1536":["https:\/\/tarmac-equipements.fr\/wp-content\/uploads\/2022\/10\/cale-avion-caoutchouc-Jaune-60cm-1536x1536.jpg?v=1672863577",1536,1536,true],"2048x2048":["https:\/\/tarmac-equipements.fr\/wp-content\/uploads\/2022\/10\/cale-avion-caoutchouc-Jaune-60cm.jpg?v=1672863577",2000,2000,false],"woocommerce_thumbnail":["https:\/\/tarmac-equipements.fr\/wp-content\/uploads\/2022\/10\/cale-avion-caoutchouc-Jaune-60cm-300x300.jpg?v=1672863577",300,300,true],"woocommerce_single":["https:\/\/tarmac-equipements.fr\/wp-content\/uploads\/2022\/10\/cale-avion-caoutchouc-Jaune-60cm-600x600.jpg?v=1672863577",600,600,true],"woocommerce_gallery_thumbnail":["https:\/\/tarmac-equipements.fr\/wp-content\/uploads\/2022\/10\/cale-avion-caoutchouc-Jaune-60cm-100x100.jpg?v=1672863577",100,100,true]},"uagb_author_info":{"display_name":"Alexandre Hallot","author_link":"https:\/\/tarmac-equipements.fr\/index.php\/author\/"},"uagb_comment_info":0,"uagb_excerpt":"Nos cales en caoutchouc sont con\u00e7ues pour une utilisation dans de multiples domaines : aviation civile et militaire, mat\u00e9riel handling, engins de BTP, h\u00e9licopt\u00e8res, poids lourds\u2026","jetpack_sharing_enabled":true,"_links":{"self":[{"href":"https:\/\/tarmac-equipements.fr\/index.php\/wp-json\/wp\/v2\/product\/1274","targetHints":{"allow":["GET"]}}],"collection":[{"href":"https:\/\/tarmac-equipements.fr\/index.php\/wp-json\/wp\/v2\/product"}],"about":[{"href":"https:\/\/tarmac-equipements.fr\/index.php\/wp-json\/wp\/v2\/types\/product"}],"wp:featuredmedia":[{"embeddable":true,"href":"https:\/\/tarmac-equipements.fr\/index.php\/wp-json\/wp\/v2\/media\/1334"}],"wp:attachment":[{"href":"https:\/\/tarmac-equipements.fr\/index.php\/wp-json\/wp\/v2\/media?parent=1274"}],"wp:term":[{"taxonomy":"product_brand","embeddable":true,"href":"https:\/\/tarmac-equipements.fr\/index.php\/wp-json\/wp\/v2\/product_brand?post=1274"},{"taxonomy":"product_cat","embeddable":true,"href":"https:\/\/tarmac-equipements.fr\/index.php\/wp-json\/wp\/v2\/product_cat?post=1274"},{"taxonomy":"product_tag","embeddable":true,"href":"https:\/\/tarmac-equipements.fr\/index.php\/wp-json\/wp\/v2\/product_tag?post=1274"}],"curies":[{"name":"wp","href":"https:\/\/api.w.org\/{rel}","templated":true}]}}