{"id":1277,"date":"2022-10-21T11:45:44","date_gmt":"2022-10-21T09:45:44","guid":{"rendered":"http:\/\/tarmac-equipements.fr\/?post_type=product&#038;p=1277"},"modified":"2022-10-27T12:32:54","modified_gmt":"2022-10-27T10:32:54","slug":"paire-de-cales-avion-en-caoutchouc-jaune-30-cm-90-kg","status":"publish","type":"product","link":"https:\/\/tarmac-equipements.fr\/index.php\/produit\/paire-de-cales-avion-en-caoutchouc-jaune-30-cm-90-kg\/","title":{"rendered":"Paire de cales avion en caoutchouc jaune 30 cm 9,0 kg"},"content":{"rendered":"<p>Mati\u00e8re : caoutchouc naturel<br \/>\nCouleur : jaune<br \/>\nLongueur : 300 mm<br \/>\nPoids : 9,0 kg<br \/>\nZone de travail : 155 mm<br \/>\nHauteur : 130 mm<\/p>\n<p>Cales reli\u00e9es par une corde en poly\u00e9thyl\u00e8ne. Possibilit\u00e9 de vente \u00e0 l&rsquo;unit\u00e9 sur demande.<\/p>\n","protected":false},"excerpt":{"rendered":"<p>Nos cales en caoutchouc sont con\u00e7ues pour une utilisation dans de multiples domaines : aviation civile et militaire, mat\u00e9riel handling, engins de BTP, h\u00e9licopt\u00e8res, poids lourds\u2026<\/p>\n","protected":false},"featured_media":1360,"template":"","meta":{"_uag_custom_page_level_css":"","site-sidebar-layout":"default","site-content-layout":"default","ast-main-header-display":"","ast-hfb-above-header-display":"","ast-hfb-below-header-display":"","ast-hfb-mobile-header-display":"","site-post-title":"","ast-breadcrumbs-content":"","ast-featured-img":"","footer-sml-layout":"","theme-transparent-header-meta":"","adv-header-id-meta":"","stick-header-meta":"","header-above-stick-meta":"","header-main-stick-meta":"","header-below-stick-meta":""},"product_brand":[],"product_cat":[25,50],"product_tag":[],"class_list":{"0":"post-1277","1":"product","2":"type-product","3":"status-publish","4":"has-post-thumbnail","6":"product_cat-calage","7":"product_cat-calage-industriel","9":"first","10":"instock","11":"shipping-taxable","12":"product-type-simple"},"yoast_head":"<!-- This site is optimized with the Yoast SEO plugin v25.3 - https:\/\/yoast.com\/wordpress\/plugins\/seo\/ -->\n<title>Paire de cales avion en caoutchouc jaune 30 cm 9,0 kg<\/title>\n<meta name=\"description\" content=\"Adapt\u00e9 pour Airbus, Boeing, Bombardier, Embraer, ATR, MCDonnell Douglas, Dassault. Nos cales sont con\u00e7ues pour l&#039;aviation civile et militaire, mat\u00e9riel handling, engins de BTP, h\u00e9licopt\u00e8res, poids lourds\u2026\" \/>\n<meta name=\"robots\" content=\"index, follow, max-snippet:-1, max-image-preview:large, max-video-preview:-1\" \/>\n<link rel=\"canonical\" href=\"https:\/\/tarmac-equipements.fr\/index.php\/produit\/paire-de-cales-avion-en-caoutchouc-jaune-30-cm-90-kg\/\" \/>\n<meta property=\"og:locale\" content=\"fr_FR\" \/>\n<meta property=\"og:type\" content=\"article\" \/>\n<meta property=\"og:title\" content=\"Paire de cales avion en caoutchouc jaune 30 cm 9,0 kg\" \/>\n<meta property=\"og:description\" content=\"Adapt\u00e9 pour Airbus, Boeing, Bombardier, Embraer, ATR, MCDonnell Douglas, Dassault. Nos cales sont con\u00e7ues pour l&#039;aviation civile et militaire, mat\u00e9riel handling, engins de BTP, h\u00e9licopt\u00e8res, poids lourds\u2026\" \/>\n<meta property=\"og:url\" content=\"https:\/\/tarmac-equipements.fr\/index.php\/produit\/paire-de-cales-avion-en-caoutchouc-jaune-30-cm-90-kg\/\" \/>\n<meta property=\"og:site_name\" content=\"TARMAC EQUIPEMENTS\" \/>\n<meta property=\"article:modified_time\" content=\"2022-10-27T10:32:54+00:00\" \/>\n<meta property=\"og:image\" content=\"https:\/\/tarmac-equipements.fr\/wp-content\/uploads\/2022\/10\/paire-de-cales-caoutchouc-Jaune-30cm-mgporteur.jpg?v=1672863555\" \/>\n\t<meta property=\"og:image:width\" content=\"2000\" \/>\n\t<meta property=\"og:image:height\" content=\"2000\" \/>\n\t<meta property=\"og:image:type\" content=\"image\/jpeg\" \/>\n<meta name=\"twitter:card\" content=\"summary_large_image\" \/>\n<meta name=\"twitter:label1\" content=\"Dur\u00e9e de lecture estim\u00e9e\" \/>\n\t<meta name=\"twitter:data1\" content=\"1 minute\" \/>\n<script type=\"application\/ld+json\" class=\"yoast-schema-graph\">{\"@context\":\"https:\/\/schema.org\",\"@graph\":[{\"@type\":\"WebPage\",\"@id\":\"https:\/\/tarmac-equipements.fr\/index.php\/produit\/paire-de-cales-avion-en-caoutchouc-jaune-30-cm-90-kg\/\",\"url\":\"https:\/\/tarmac-equipements.fr\/index.php\/produit\/paire-de-cales-avion-en-caoutchouc-jaune-30-cm-90-kg\/\",\"name\":\"Paire de cales avion en caoutchouc jaune 30 cm 9,0 kg\",\"isPartOf\":{\"@id\":\"https:\/\/tarmac-equipements.fr\/#website\"},\"primaryImageOfPage\":{\"@id\":\"https:\/\/tarmac-equipements.fr\/index.php\/produit\/paire-de-cales-avion-en-caoutchouc-jaune-30-cm-90-kg\/#primaryimage\"},\"image\":{\"@id\":\"https:\/\/tarmac-equipements.fr\/index.php\/produit\/paire-de-cales-avion-en-caoutchouc-jaune-30-cm-90-kg\/#primaryimage\"},\"thumbnailUrl\":\"https:\/\/tarmac-equipements.fr\/wp-content\/uploads\/2022\/10\/paire-de-cales-caoutchouc-Jaune-30cm-mgporteur.jpg?v=1672863555\",\"datePublished\":\"2022-10-21T09:45:44+00:00\",\"dateModified\":\"2022-10-27T10:32:54+00:00\",\"description\":\"Adapt\u00e9 pour Airbus, Boeing, Bombardier, Embraer, ATR, MCDonnell Douglas, Dassault. Nos cales sont con\u00e7ues pour l'aviation civile et militaire, mat\u00e9riel handling, engins de BTP, h\u00e9licopt\u00e8res, poids lourds\u2026\",\"breadcrumb\":{\"@id\":\"https:\/\/tarmac-equipements.fr\/index.php\/produit\/paire-de-cales-avion-en-caoutchouc-jaune-30-cm-90-kg\/#breadcrumb\"},\"inLanguage\":\"fr-FR\",\"potentialAction\":[{\"@type\":\"ReadAction\",\"target\":[\"https:\/\/tarmac-equipements.fr\/index.php\/produit\/paire-de-cales-avion-en-caoutchouc-jaune-30-cm-90-kg\/\"]}]},{\"@type\":\"ImageObject\",\"inLanguage\":\"fr-FR\",\"@id\":\"https:\/\/tarmac-equipements.fr\/index.php\/produit\/paire-de-cales-avion-en-caoutchouc-jaune-30-cm-90-kg\/#primaryimage\",\"url\":\"https:\/\/tarmac-equipements.fr\/wp-content\/uploads\/2022\/10\/paire-de-cales-caoutchouc-Jaune-30cm-mgporteur.jpg?v=1672863555\",\"contentUrl\":\"https:\/\/tarmac-equipements.fr\/wp-content\/uploads\/2022\/10\/paire-de-cales-caoutchouc-Jaune-30cm-mgporteur.jpg?v=1672863555\",\"width\":2000,\"height\":2000},{\"@type\":\"BreadcrumbList\",\"@id\":\"https:\/\/tarmac-equipements.fr\/index.php\/produit\/paire-de-cales-avion-en-caoutchouc-jaune-30-cm-90-kg\/#breadcrumb\",\"itemListElement\":[{\"@type\":\"ListItem\",\"position\":1,\"name\":\"Accueil\",\"item\":\"https:\/\/tarmac-equipements.fr\/\"},{\"@type\":\"ListItem\",\"position\":2,\"name\":\"NOS PRODUITS\",\"item\":\"https:\/\/tarmac-equipements.fr\/index.php\/boutique\/\"},{\"@type\":\"ListItem\",\"position\":3,\"name\":\"Paire de cales avion en caoutchouc jaune 30 cm 9,0 kg\"}]},{\"@type\":\"WebSite\",\"@id\":\"https:\/\/tarmac-equipements.fr\/#website\",\"url\":\"https:\/\/tarmac-equipements.fr\/\",\"name\":\"TARMAC EQUIPEMENTS\",\"description\":\"ACCESSOIRES AEROPORTUAIRES\",\"publisher\":{\"@id\":\"https:\/\/tarmac-equipements.fr\/#organization\"},\"potentialAction\":[{\"@type\":\"SearchAction\",\"target\":{\"@type\":\"EntryPoint\",\"urlTemplate\":\"https:\/\/tarmac-equipements.fr\/?s={search_term_string}\"},\"query-input\":{\"@type\":\"PropertyValueSpecification\",\"valueRequired\":true,\"valueName\":\"search_term_string\"}}],\"inLanguage\":\"fr-FR\"},{\"@type\":\"Organization\",\"@id\":\"https:\/\/tarmac-equipements.fr\/#organization\",\"name\":\"TARMAC EQUIPEMENTS\",\"url\":\"https:\/\/tarmac-equipements.fr\/\",\"logo\":{\"@type\":\"ImageObject\",\"inLanguage\":\"fr-FR\",\"@id\":\"https:\/\/tarmac-equipements.fr\/#\/schema\/logo\/image\/\",\"url\":\"https:\/\/tarmac-equipements.fr\/wp-content\/uploads\/2022\/01\/Logo-Officiel.png\",\"contentUrl\":\"https:\/\/tarmac-equipements.fr\/wp-content\/uploads\/2022\/01\/Logo-Officiel.png\",\"width\":1024,\"height\":576,\"caption\":\"TARMAC EQUIPEMENTS\"},\"image\":{\"@id\":\"https:\/\/tarmac-equipements.fr\/#\/schema\/logo\/image\/\"}}]}<\/script>\n<!-- \/ Yoast SEO plugin. -->","yoast_head_json":{"title":"Paire de cales avion en caoutchouc jaune 30 cm 9,0 kg","description":"Adapt\u00e9 pour Airbus, Boeing, Bombardier, Embraer, ATR, MCDonnell Douglas, Dassault. Nos cales sont con\u00e7ues pour l'aviation civile et militaire, mat\u00e9riel handling, engins de BTP, h\u00e9licopt\u00e8res, poids lourds\u2026","robots":{"index":"index","follow":"follow","max-snippet":"max-snippet:-1","max-image-preview":"max-image-preview:large","max-video-preview":"max-video-preview:-1"},"canonical":"https:\/\/tarmac-equipements.fr\/index.php\/produit\/paire-de-cales-avion-en-caoutchouc-jaune-30-cm-90-kg\/","og_locale":"fr_FR","og_type":"article","og_title":"Paire de cales avion en caoutchouc jaune 30 cm 9,0 kg","og_description":"Adapt\u00e9 pour Airbus, Boeing, Bombardier, Embraer, ATR, MCDonnell Douglas, Dassault. Nos cales sont con\u00e7ues pour l'aviation civile et militaire, mat\u00e9riel handling, engins de BTP, h\u00e9licopt\u00e8res, poids lourds\u2026","og_url":"https:\/\/tarmac-equipements.fr\/index.php\/produit\/paire-de-cales-avion-en-caoutchouc-jaune-30-cm-90-kg\/","og_site_name":"TARMAC EQUIPEMENTS","article_modified_time":"2022-10-27T10:32:54+00:00","og_image":[{"width":2000,"height":2000,"url":"https:\/\/tarmac-equipements.fr\/wp-content\/uploads\/2022\/10\/paire-de-cales-caoutchouc-Jaune-30cm-mgporteur.jpg?v=1672863555","type":"image\/jpeg"}],"twitter_card":"summary_large_image","twitter_misc":{"Dur\u00e9e de lecture estim\u00e9e":"1 minute"},"schema":{"@context":"https:\/\/schema.org","@graph":[{"@type":"WebPage","@id":"https:\/\/tarmac-equipements.fr\/index.php\/produit\/paire-de-cales-avion-en-caoutchouc-jaune-30-cm-90-kg\/","url":"https:\/\/tarmac-equipements.fr\/index.php\/produit\/paire-de-cales-avion-en-caoutchouc-jaune-30-cm-90-kg\/","name":"Paire de cales avion en caoutchouc jaune 30 cm 9,0 kg","isPartOf":{"@id":"https:\/\/tarmac-equipements.fr\/#website"},"primaryImageOfPage":{"@id":"https:\/\/tarmac-equipements.fr\/index.php\/produit\/paire-de-cales-avion-en-caoutchouc-jaune-30-cm-90-kg\/#primaryimage"},"image":{"@id":"https:\/\/tarmac-equipements.fr\/index.php\/produit\/paire-de-cales-avion-en-caoutchouc-jaune-30-cm-90-kg\/#primaryimage"},"thumbnailUrl":"https:\/\/tarmac-equipements.fr\/wp-content\/uploads\/2022\/10\/paire-de-cales-caoutchouc-Jaune-30cm-mgporteur.jpg?v=1672863555","datePublished":"2022-10-21T09:45:44+00:00","dateModified":"2022-10-27T10:32:54+00:00","description":"Adapt\u00e9 pour Airbus, Boeing, Bombardier, Embraer, ATR, MCDonnell Douglas, Dassault. Nos cales sont con\u00e7ues pour l'aviation civile et militaire, mat\u00e9riel handling, engins de BTP, h\u00e9licopt\u00e8res, poids lourds\u2026","breadcrumb":{"@id":"https:\/\/tarmac-equipements.fr\/index.php\/produit\/paire-de-cales-avion-en-caoutchouc-jaune-30-cm-90-kg\/#breadcrumb"},"inLanguage":"fr-FR","potentialAction":[{"@type":"ReadAction","target":["https:\/\/tarmac-equipements.fr\/index.php\/produit\/paire-de-cales-avion-en-caoutchouc-jaune-30-cm-90-kg\/"]}]},{"@type":"ImageObject","inLanguage":"fr-FR","@id":"https:\/\/tarmac-equipements.fr\/index.php\/produit\/paire-de-cales-avion-en-caoutchouc-jaune-30-cm-90-kg\/#primaryimage","url":"https:\/\/tarmac-equipements.fr\/wp-content\/uploads\/2022\/10\/paire-de-cales-caoutchouc-Jaune-30cm-mgporteur.jpg?v=1672863555","contentUrl":"https:\/\/tarmac-equipements.fr\/wp-content\/uploads\/2022\/10\/paire-de-cales-caoutchouc-Jaune-30cm-mgporteur.jpg?v=1672863555","width":2000,"height":2000},{"@type":"BreadcrumbList","@id":"https:\/\/tarmac-equipements.fr\/index.php\/produit\/paire-de-cales-avion-en-caoutchouc-jaune-30-cm-90-kg\/#breadcrumb","itemListElement":[{"@type":"ListItem","position":1,"name":"Accueil","item":"https:\/\/tarmac-equipements.fr\/"},{"@type":"ListItem","position":2,"name":"NOS PRODUITS","item":"https:\/\/tarmac-equipements.fr\/index.php\/boutique\/"},{"@type":"ListItem","position":3,"name":"Paire de cales avion en caoutchouc jaune 30 cm 9,0 kg"}]},{"@type":"WebSite","@id":"https:\/\/tarmac-equipements.fr\/#website","url":"https:\/\/tarmac-equipements.fr\/","name":"TARMAC EQUIPEMENTS","description":"ACCESSOIRES AEROPORTUAIRES","publisher":{"@id":"https:\/\/tarmac-equipements.fr\/#organization"},"potentialAction":[{"@type":"SearchAction","target":{"@type":"EntryPoint","urlTemplate":"https:\/\/tarmac-equipements.fr\/?s={search_term_string}"},"query-input":{"@type":"PropertyValueSpecification","valueRequired":true,"valueName":"search_term_string"}}],"inLanguage":"fr-FR"},{"@type":"Organization","@id":"https:\/\/tarmac-equipements.fr\/#organization","name":"TARMAC EQUIPEMENTS","url":"https:\/\/tarmac-equipements.fr\/","logo":{"@type":"ImageObject","inLanguage":"fr-FR","@id":"https:\/\/tarmac-equipements.fr\/#\/schema\/logo\/image\/","url":"https:\/\/tarmac-equipements.fr\/wp-content\/uploads\/2022\/01\/Logo-Officiel.png","contentUrl":"https:\/\/tarmac-equipements.fr\/wp-content\/uploads\/2022\/01\/Logo-Officiel.png","width":1024,"height":576,"caption":"TARMAC EQUIPEMENTS"},"image":{"@id":"https:\/\/tarmac-equipements.fr\/#\/schema\/logo\/image\/"}}]}},"uagb_featured_image_src":{"full":["https:\/\/tarmac-equipements.fr\/wp-content\/uploads\/2022\/10\/paire-de-cales-caoutchouc-Jaune-30cm-mgporteur.jpg?v=1672863555",2000,2000,false],"thumbnail":["https:\/\/tarmac-equipements.fr\/wp-content\/uploads\/2022\/10\/paire-de-cales-caoutchouc-Jaune-30cm-mgporteur-150x150.jpg?v=1672863555",150,150,true],"medium":["https:\/\/tarmac-equipements.fr\/wp-content\/uploads\/2022\/10\/paire-de-cales-caoutchouc-Jaune-30cm-mgporteur-300x300.jpg?v=1672863555",300,300,true],"medium_large":["https:\/\/tarmac-equipements.fr\/wp-content\/uploads\/2022\/10\/paire-de-cales-caoutchouc-Jaune-30cm-mgporteur-768x768.jpg?v=1672863555",768,768,true],"large":["https:\/\/tarmac-equipements.fr\/wp-content\/uploads\/2022\/10\/paire-de-cales-caoutchouc-Jaune-30cm-mgporteur-1024x1024.jpg?v=1672863555",1024,1024,true],"1536x1536":["https:\/\/tarmac-equipements.fr\/wp-content\/uploads\/2022\/10\/paire-de-cales-caoutchouc-Jaune-30cm-mgporteur-1536x1536.jpg?v=1672863555",1536,1536,true],"2048x2048":["https:\/\/tarmac-equipements.fr\/wp-content\/uploads\/2022\/10\/paire-de-cales-caoutchouc-Jaune-30cm-mgporteur.jpg?v=1672863555",2000,2000,false],"woocommerce_thumbnail":["https:\/\/tarmac-equipements.fr\/wp-content\/uploads\/2022\/10\/paire-de-cales-caoutchouc-Jaune-30cm-mgporteur-300x300.jpg?v=1672863555",300,300,true],"woocommerce_single":["https:\/\/tarmac-equipements.fr\/wp-content\/uploads\/2022\/10\/paire-de-cales-caoutchouc-Jaune-30cm-mgporteur-600x600.jpg?v=1672863555",600,600,true],"woocommerce_gallery_thumbnail":["https:\/\/tarmac-equipements.fr\/wp-content\/uploads\/2022\/10\/paire-de-cales-caoutchouc-Jaune-30cm-mgporteur-100x100.jpg?v=1672863555",100,100,true]},"uagb_author_info":{"display_name":"Alexandre Hallot","author_link":"https:\/\/tarmac-equipements.fr\/index.php\/author\/"},"uagb_comment_info":0,"uagb_excerpt":"Nos cales en caoutchouc sont con\u00e7ues pour une utilisation dans de multiples domaines : aviation civile et militaire, mat\u00e9riel handling, engins de BTP, h\u00e9licopt\u00e8res, poids lourds\u2026","jetpack_sharing_enabled":true,"_links":{"self":[{"href":"https:\/\/tarmac-equipements.fr\/index.php\/wp-json\/wp\/v2\/product\/1277","targetHints":{"allow":["GET"]}}],"collection":[{"href":"https:\/\/tarmac-equipements.fr\/index.php\/wp-json\/wp\/v2\/product"}],"about":[{"href":"https:\/\/tarmac-equipements.fr\/index.php\/wp-json\/wp\/v2\/types\/product"}],"wp:featuredmedia":[{"embeddable":true,"href":"https:\/\/tarmac-equipements.fr\/index.php\/wp-json\/wp\/v2\/media\/1360"}],"wp:attachment":[{"href":"https:\/\/tarmac-equipements.fr\/index.php\/wp-json\/wp\/v2\/media?parent=1277"}],"wp:term":[{"taxonomy":"product_brand","embeddable":true,"href":"https:\/\/tarmac-equipements.fr\/index.php\/wp-json\/wp\/v2\/product_brand?post=1277"},{"taxonomy":"product_cat","embeddable":true,"href":"https:\/\/tarmac-equipements.fr\/index.php\/wp-json\/wp\/v2\/product_cat?post=1277"},{"taxonomy":"product_tag","embeddable":true,"href":"https:\/\/tarmac-equipements.fr\/index.php\/wp-json\/wp\/v2\/product_tag?post=1277"}],"curies":[{"name":"wp","href":"https:\/\/api.w.org\/{rel}","templated":true}]}}