{"id":1302,"date":"2022-10-25T13:41:27","date_gmt":"2022-10-25T11:41:27","guid":{"rendered":"http:\/\/tarmac-equipements.fr\/?post_type=product&#038;p=1302"},"modified":"2022-11-02T10:05:29","modified_gmt":"2022-11-02T09:05:29","slug":"cone-de-balisage-orange-monobloc-75-cm-42-kg-cl2","status":"publish","type":"product","link":"https:\/\/tarmac-equipements.fr\/index.php\/produit\/cone-de-balisage-orange-monobloc-75-cm-42-kg-cl2\/","title":{"rendered":"C\u00f4ne de balisage orange monobloc 75 cm 7,5 kg CL2"},"content":{"rendered":"<p>Mati\u00e8re : pvc souple<br \/>\nCouleur : orange<br \/>\nBandes r\u00e9fl\u00e9chissantes : classe 2<br \/>\nHauteur : 750 mm<br \/>\nPoids : 7, kg<br \/>\nConformit\u00e9 : EN 13422 : 2004 + A1 : 2009<br \/>\nType d&rsquo;utilisation fr\u00e9quente : autoroutes, a\u00e9roports, chantiers btp, chantiers publics&#8230;<\/p>\n","protected":false},"excerpt":{"rendered":"<p>Les c\u00f4nes \u201cFLUOFLUIDE\u201d sont fabriqu\u00e9s \u00e0 partir de PVC souple pour assurer un maximum de durabilit\u00e9 et de visibilit\u00e9, et son con\u00e7us pour vous offrir une s\u00e9curit\u00e9 maximale m\u00eame dans les environnements les plus difficiles. <\/p>\n<p>Contrairement aux autres c\u00f4nes qui peuvent se briser lors d\u2019impacts ou d\u2019\u00e9crasement, tous nos c\u00f4nes sont con\u00e7us<br \/>\npour reprendre leur forme originale apr\u00e8s chaque choc. <\/p>\n","protected":false},"featured_media":1414,"template":"","meta":{"_uag_custom_page_level_css":"","site-sidebar-layout":"default","site-content-layout":"default","ast-main-header-display":"","ast-hfb-above-header-display":"","ast-hfb-below-header-display":"","ast-hfb-mobile-header-display":"","site-post-title":"","ast-breadcrumbs-content":"","ast-featured-img":"","footer-sml-layout":"","theme-transparent-header-meta":"","adv-header-id-meta":"","stick-header-meta":"","header-above-stick-meta":"","header-main-stick-meta":"","header-below-stick-meta":""},"product_brand":[],"product_cat":[26,56],"product_tag":[],"class_list":{"0":"post-1302","1":"product","2":"type-product","3":"status-publish","4":"has-post-thumbnail","6":"product_cat-cones-de-balisage","7":"product_cat-cones-de-balisage-voirie","9":"first","10":"instock","11":"shipping-taxable","12":"product-type-simple"},"yoast_head":"<!-- This site is optimized with the Yoast SEO plugin v25.3 - https:\/\/yoast.com\/wordpress\/plugins\/seo\/ -->\n<title>C\u00f4ne de balisage orange monobloc 75 cm 7,5 kg CL2<\/title>\n<meta name=\"description\" content=\"C\u00f4ne Fluofluide de balisage et de signalisation en PVC souple haute visibilit\u00e9. Couleur orange, bleu, vert et jaune. Possibilit\u00e9 de flocage de votre logo.\" \/>\n<meta name=\"robots\" content=\"index, follow, max-snippet:-1, max-image-preview:large, max-video-preview:-1\" \/>\n<link rel=\"canonical\" href=\"https:\/\/tarmac-equipements.fr\/index.php\/produit\/cone-de-balisage-orange-monobloc-75-cm-42-kg-cl2\/\" \/>\n<meta property=\"og:locale\" content=\"fr_FR\" \/>\n<meta property=\"og:type\" content=\"article\" \/>\n<meta property=\"og:title\" content=\"C\u00f4ne de balisage orange monobloc 75 cm 7,5 kg CL2\" \/>\n<meta property=\"og:description\" content=\"C\u00f4ne Fluofluide de balisage et de signalisation en PVC souple haute visibilit\u00e9. Couleur orange, bleu, vert et jaune. Possibilit\u00e9 de flocage de votre logo.\" \/>\n<meta property=\"og:url\" content=\"https:\/\/tarmac-equipements.fr\/index.php\/produit\/cone-de-balisage-orange-monobloc-75-cm-42-kg-cl2\/\" \/>\n<meta property=\"og:site_name\" content=\"TARMAC EQUIPEMENTS\" \/>\n<meta property=\"article:modified_time\" content=\"2022-11-02T09:05:29+00:00\" \/>\n<meta property=\"og:image\" content=\"https:\/\/tarmac-equipements.fr\/wp-content\/uploads\/2022\/10\/Cone-de-balisage-Monobloc-Orange-75cm-42kg.jpg?v=1672863465\" \/>\n\t<meta property=\"og:image:width\" content=\"2000\" \/>\n\t<meta property=\"og:image:height\" content=\"2000\" \/>\n\t<meta property=\"og:image:type\" content=\"image\/jpeg\" \/>\n<meta name=\"twitter:card\" content=\"summary_large_image\" \/>\n<meta name=\"twitter:label1\" content=\"Dur\u00e9e de lecture estim\u00e9e\" \/>\n\t<meta name=\"twitter:data1\" content=\"1 minute\" \/>\n<script type=\"application\/ld+json\" class=\"yoast-schema-graph\">{\"@context\":\"https:\/\/schema.org\",\"@graph\":[{\"@type\":\"WebPage\",\"@id\":\"https:\/\/tarmac-equipements.fr\/index.php\/produit\/cone-de-balisage-orange-monobloc-75-cm-42-kg-cl2\/\",\"url\":\"https:\/\/tarmac-equipements.fr\/index.php\/produit\/cone-de-balisage-orange-monobloc-75-cm-42-kg-cl2\/\",\"name\":\"C\u00f4ne de balisage orange monobloc 75 cm 7,5 kg CL2\",\"isPartOf\":{\"@id\":\"https:\/\/tarmac-equipements.fr\/#website\"},\"primaryImageOfPage\":{\"@id\":\"https:\/\/tarmac-equipements.fr\/index.php\/produit\/cone-de-balisage-orange-monobloc-75-cm-42-kg-cl2\/#primaryimage\"},\"image\":{\"@id\":\"https:\/\/tarmac-equipements.fr\/index.php\/produit\/cone-de-balisage-orange-monobloc-75-cm-42-kg-cl2\/#primaryimage\"},\"thumbnailUrl\":\"https:\/\/tarmac-equipements.fr\/wp-content\/uploads\/2022\/10\/Cone-de-balisage-Monobloc-Orange-75cm-42kg.jpg?v=1672863465\",\"datePublished\":\"2022-10-25T11:41:27+00:00\",\"dateModified\":\"2022-11-02T09:05:29+00:00\",\"description\":\"C\u00f4ne Fluofluide de balisage et de signalisation en PVC souple haute visibilit\u00e9. Couleur orange, bleu, vert et jaune. Possibilit\u00e9 de flocage de votre logo.\",\"breadcrumb\":{\"@id\":\"https:\/\/tarmac-equipements.fr\/index.php\/produit\/cone-de-balisage-orange-monobloc-75-cm-42-kg-cl2\/#breadcrumb\"},\"inLanguage\":\"fr-FR\",\"potentialAction\":[{\"@type\":\"ReadAction\",\"target\":[\"https:\/\/tarmac-equipements.fr\/index.php\/produit\/cone-de-balisage-orange-monobloc-75-cm-42-kg-cl2\/\"]}]},{\"@type\":\"ImageObject\",\"inLanguage\":\"fr-FR\",\"@id\":\"https:\/\/tarmac-equipements.fr\/index.php\/produit\/cone-de-balisage-orange-monobloc-75-cm-42-kg-cl2\/#primaryimage\",\"url\":\"https:\/\/tarmac-equipements.fr\/wp-content\/uploads\/2022\/10\/Cone-de-balisage-Monobloc-Orange-75cm-42kg.jpg?v=1672863465\",\"contentUrl\":\"https:\/\/tarmac-equipements.fr\/wp-content\/uploads\/2022\/10\/Cone-de-balisage-Monobloc-Orange-75cm-42kg.jpg?v=1672863465\",\"width\":2000,\"height\":2000},{\"@type\":\"BreadcrumbList\",\"@id\":\"https:\/\/tarmac-equipements.fr\/index.php\/produit\/cone-de-balisage-orange-monobloc-75-cm-42-kg-cl2\/#breadcrumb\",\"itemListElement\":[{\"@type\":\"ListItem\",\"position\":1,\"name\":\"Accueil\",\"item\":\"https:\/\/tarmac-equipements.fr\/\"},{\"@type\":\"ListItem\",\"position\":2,\"name\":\"NOS PRODUITS\",\"item\":\"https:\/\/tarmac-equipements.fr\/index.php\/boutique\/\"},{\"@type\":\"ListItem\",\"position\":3,\"name\":\"C\u00f4ne de balisage orange monobloc 75 cm 7,5 kg CL2\"}]},{\"@type\":\"WebSite\",\"@id\":\"https:\/\/tarmac-equipements.fr\/#website\",\"url\":\"https:\/\/tarmac-equipements.fr\/\",\"name\":\"TARMAC EQUIPEMENTS\",\"description\":\"ACCESSOIRES AEROPORTUAIRES\",\"publisher\":{\"@id\":\"https:\/\/tarmac-equipements.fr\/#organization\"},\"potentialAction\":[{\"@type\":\"SearchAction\",\"target\":{\"@type\":\"EntryPoint\",\"urlTemplate\":\"https:\/\/tarmac-equipements.fr\/?s={search_term_string}\"},\"query-input\":{\"@type\":\"PropertyValueSpecification\",\"valueRequired\":true,\"valueName\":\"search_term_string\"}}],\"inLanguage\":\"fr-FR\"},{\"@type\":\"Organization\",\"@id\":\"https:\/\/tarmac-equipements.fr\/#organization\",\"name\":\"TARMAC EQUIPEMENTS\",\"url\":\"https:\/\/tarmac-equipements.fr\/\",\"logo\":{\"@type\":\"ImageObject\",\"inLanguage\":\"fr-FR\",\"@id\":\"https:\/\/tarmac-equipements.fr\/#\/schema\/logo\/image\/\",\"url\":\"https:\/\/tarmac-equipements.fr\/wp-content\/uploads\/2022\/01\/Logo-Officiel.png\",\"contentUrl\":\"https:\/\/tarmac-equipements.fr\/wp-content\/uploads\/2022\/01\/Logo-Officiel.png\",\"width\":1024,\"height\":576,\"caption\":\"TARMAC EQUIPEMENTS\"},\"image\":{\"@id\":\"https:\/\/tarmac-equipements.fr\/#\/schema\/logo\/image\/\"}}]}<\/script>\n<!-- \/ Yoast SEO plugin. -->","yoast_head_json":{"title":"C\u00f4ne de balisage orange monobloc 75 cm 7,5 kg CL2","description":"C\u00f4ne Fluofluide de balisage et de signalisation en PVC souple haute visibilit\u00e9. Couleur orange, bleu, vert et jaune. Possibilit\u00e9 de flocage de votre logo.","robots":{"index":"index","follow":"follow","max-snippet":"max-snippet:-1","max-image-preview":"max-image-preview:large","max-video-preview":"max-video-preview:-1"},"canonical":"https:\/\/tarmac-equipements.fr\/index.php\/produit\/cone-de-balisage-orange-monobloc-75-cm-42-kg-cl2\/","og_locale":"fr_FR","og_type":"article","og_title":"C\u00f4ne de balisage orange monobloc 75 cm 7,5 kg CL2","og_description":"C\u00f4ne Fluofluide de balisage et de signalisation en PVC souple haute visibilit\u00e9. Couleur orange, bleu, vert et jaune. Possibilit\u00e9 de flocage de votre logo.","og_url":"https:\/\/tarmac-equipements.fr\/index.php\/produit\/cone-de-balisage-orange-monobloc-75-cm-42-kg-cl2\/","og_site_name":"TARMAC EQUIPEMENTS","article_modified_time":"2022-11-02T09:05:29+00:00","og_image":[{"width":2000,"height":2000,"url":"https:\/\/tarmac-equipements.fr\/wp-content\/uploads\/2022\/10\/Cone-de-balisage-Monobloc-Orange-75cm-42kg.jpg?v=1672863465","type":"image\/jpeg"}],"twitter_card":"summary_large_image","twitter_misc":{"Dur\u00e9e de lecture estim\u00e9e":"1 minute"},"schema":{"@context":"https:\/\/schema.org","@graph":[{"@type":"WebPage","@id":"https:\/\/tarmac-equipements.fr\/index.php\/produit\/cone-de-balisage-orange-monobloc-75-cm-42-kg-cl2\/","url":"https:\/\/tarmac-equipements.fr\/index.php\/produit\/cone-de-balisage-orange-monobloc-75-cm-42-kg-cl2\/","name":"C\u00f4ne de balisage orange monobloc 75 cm 7,5 kg CL2","isPartOf":{"@id":"https:\/\/tarmac-equipements.fr\/#website"},"primaryImageOfPage":{"@id":"https:\/\/tarmac-equipements.fr\/index.php\/produit\/cone-de-balisage-orange-monobloc-75-cm-42-kg-cl2\/#primaryimage"},"image":{"@id":"https:\/\/tarmac-equipements.fr\/index.php\/produit\/cone-de-balisage-orange-monobloc-75-cm-42-kg-cl2\/#primaryimage"},"thumbnailUrl":"https:\/\/tarmac-equipements.fr\/wp-content\/uploads\/2022\/10\/Cone-de-balisage-Monobloc-Orange-75cm-42kg.jpg?v=1672863465","datePublished":"2022-10-25T11:41:27+00:00","dateModified":"2022-11-02T09:05:29+00:00","description":"C\u00f4ne Fluofluide de balisage et de signalisation en PVC souple haute visibilit\u00e9. Couleur orange, bleu, vert et jaune. Possibilit\u00e9 de flocage de votre logo.","breadcrumb":{"@id":"https:\/\/tarmac-equipements.fr\/index.php\/produit\/cone-de-balisage-orange-monobloc-75-cm-42-kg-cl2\/#breadcrumb"},"inLanguage":"fr-FR","potentialAction":[{"@type":"ReadAction","target":["https:\/\/tarmac-equipements.fr\/index.php\/produit\/cone-de-balisage-orange-monobloc-75-cm-42-kg-cl2\/"]}]},{"@type":"ImageObject","inLanguage":"fr-FR","@id":"https:\/\/tarmac-equipements.fr\/index.php\/produit\/cone-de-balisage-orange-monobloc-75-cm-42-kg-cl2\/#primaryimage","url":"https:\/\/tarmac-equipements.fr\/wp-content\/uploads\/2022\/10\/Cone-de-balisage-Monobloc-Orange-75cm-42kg.jpg?v=1672863465","contentUrl":"https:\/\/tarmac-equipements.fr\/wp-content\/uploads\/2022\/10\/Cone-de-balisage-Monobloc-Orange-75cm-42kg.jpg?v=1672863465","width":2000,"height":2000},{"@type":"BreadcrumbList","@id":"https:\/\/tarmac-equipements.fr\/index.php\/produit\/cone-de-balisage-orange-monobloc-75-cm-42-kg-cl2\/#breadcrumb","itemListElement":[{"@type":"ListItem","position":1,"name":"Accueil","item":"https:\/\/tarmac-equipements.fr\/"},{"@type":"ListItem","position":2,"name":"NOS PRODUITS","item":"https:\/\/tarmac-equipements.fr\/index.php\/boutique\/"},{"@type":"ListItem","position":3,"name":"C\u00f4ne de balisage orange monobloc 75 cm 7,5 kg CL2"}]},{"@type":"WebSite","@id":"https:\/\/tarmac-equipements.fr\/#website","url":"https:\/\/tarmac-equipements.fr\/","name":"TARMAC EQUIPEMENTS","description":"ACCESSOIRES AEROPORTUAIRES","publisher":{"@id":"https:\/\/tarmac-equipements.fr\/#organization"},"potentialAction":[{"@type":"SearchAction","target":{"@type":"EntryPoint","urlTemplate":"https:\/\/tarmac-equipements.fr\/?s={search_term_string}"},"query-input":{"@type":"PropertyValueSpecification","valueRequired":true,"valueName":"search_term_string"}}],"inLanguage":"fr-FR"},{"@type":"Organization","@id":"https:\/\/tarmac-equipements.fr\/#organization","name":"TARMAC EQUIPEMENTS","url":"https:\/\/tarmac-equipements.fr\/","logo":{"@type":"ImageObject","inLanguage":"fr-FR","@id":"https:\/\/tarmac-equipements.fr\/#\/schema\/logo\/image\/","url":"https:\/\/tarmac-equipements.fr\/wp-content\/uploads\/2022\/01\/Logo-Officiel.png","contentUrl":"https:\/\/tarmac-equipements.fr\/wp-content\/uploads\/2022\/01\/Logo-Officiel.png","width":1024,"height":576,"caption":"TARMAC EQUIPEMENTS"},"image":{"@id":"https:\/\/tarmac-equipements.fr\/#\/schema\/logo\/image\/"}}]}},"uagb_featured_image_src":{"full":["https:\/\/tarmac-equipements.fr\/wp-content\/uploads\/2022\/10\/Cone-de-balisage-Monobloc-Orange-75cm-42kg.jpg?v=1672863465",2000,2000,false],"thumbnail":["https:\/\/tarmac-equipements.fr\/wp-content\/uploads\/2022\/10\/Cone-de-balisage-Monobloc-Orange-75cm-42kg-150x150.jpg?v=1672863465",150,150,true],"medium":["https:\/\/tarmac-equipements.fr\/wp-content\/uploads\/2022\/10\/Cone-de-balisage-Monobloc-Orange-75cm-42kg-300x300.jpg?v=1672863465",300,300,true],"medium_large":["https:\/\/tarmac-equipements.fr\/wp-content\/uploads\/2022\/10\/Cone-de-balisage-Monobloc-Orange-75cm-42kg-768x768.jpg?v=1672863465",768,768,true],"large":["https:\/\/tarmac-equipements.fr\/wp-content\/uploads\/2022\/10\/Cone-de-balisage-Monobloc-Orange-75cm-42kg-1024x1024.jpg?v=1672863465",1024,1024,true],"1536x1536":["https:\/\/tarmac-equipements.fr\/wp-content\/uploads\/2022\/10\/Cone-de-balisage-Monobloc-Orange-75cm-42kg-1536x1536.jpg?v=1672863465",1536,1536,true],"2048x2048":["https:\/\/tarmac-equipements.fr\/wp-content\/uploads\/2022\/10\/Cone-de-balisage-Monobloc-Orange-75cm-42kg.jpg?v=1672863465",2000,2000,false],"woocommerce_thumbnail":["https:\/\/tarmac-equipements.fr\/wp-content\/uploads\/2022\/10\/Cone-de-balisage-Monobloc-Orange-75cm-42kg-300x300.jpg?v=1672863465",300,300,true],"woocommerce_single":["https:\/\/tarmac-equipements.fr\/wp-content\/uploads\/2022\/10\/Cone-de-balisage-Monobloc-Orange-75cm-42kg-600x600.jpg?v=1672863465",600,600,true],"woocommerce_gallery_thumbnail":["https:\/\/tarmac-equipements.fr\/wp-content\/uploads\/2022\/10\/Cone-de-balisage-Monobloc-Orange-75cm-42kg-100x100.jpg?v=1672863465",100,100,true]},"uagb_author_info":{"display_name":"Alexandre Hallot","author_link":"https:\/\/tarmac-equipements.fr\/index.php\/author\/"},"uagb_comment_info":0,"uagb_excerpt":"Les c\u00f4nes \u201cFLUOFLUIDE\u201d sont fabriqu\u00e9s \u00e0 partir de PVC souple pour assurer un maximum de durabilit\u00e9 et de visibilit\u00e9, et son con\u00e7us pour vous offrir une s\u00e9curit\u00e9 maximale m\u00eame dans les environnements les plus difficiles. Contrairement aux autres c\u00f4nes qui peuvent se briser lors d\u2019impacts ou d\u2019\u00e9crasement, tous nos c\u00f4nes sont con\u00e7us pour reprendre leur\u2026","jetpack_sharing_enabled":true,"_links":{"self":[{"href":"https:\/\/tarmac-equipements.fr\/index.php\/wp-json\/wp\/v2\/product\/1302","targetHints":{"allow":["GET"]}}],"collection":[{"href":"https:\/\/tarmac-equipements.fr\/index.php\/wp-json\/wp\/v2\/product"}],"about":[{"href":"https:\/\/tarmac-equipements.fr\/index.php\/wp-json\/wp\/v2\/types\/product"}],"wp:featuredmedia":[{"embeddable":true,"href":"https:\/\/tarmac-equipements.fr\/index.php\/wp-json\/wp\/v2\/media\/1414"}],"wp:attachment":[{"href":"https:\/\/tarmac-equipements.fr\/index.php\/wp-json\/wp\/v2\/media?parent=1302"}],"wp:term":[{"taxonomy":"product_brand","embeddable":true,"href":"https:\/\/tarmac-equipements.fr\/index.php\/wp-json\/wp\/v2\/product_brand?post=1302"},{"taxonomy":"product_cat","embeddable":true,"href":"https:\/\/tarmac-equipements.fr\/index.php\/wp-json\/wp\/v2\/product_cat?post=1302"},{"taxonomy":"product_tag","embeddable":true,"href":"https:\/\/tarmac-equipements.fr\/index.php\/wp-json\/wp\/v2\/product_tag?post=1302"}],"curies":[{"name":"wp","href":"https:\/\/api.w.org\/{rel}","templated":true}]}}