{"id":1336,"date":"2022-10-27T09:43:20","date_gmt":"2022-10-27T07:43:20","guid":{"rendered":"http:\/\/tarmac-equipements.fr\/?post_type=product&#038;p=1336"},"modified":"2022-11-02T11:22:30","modified_gmt":"2022-11-02T10:22:30","slug":"baton-lumineux-k-pax-vert-38-cm","status":"publish","type":"product","link":"https:\/\/tarmac-equipements.fr\/index.php\/produit\/baton-lumineux-k-pax-vert-38-cm\/","title":{"rendered":"B\u00e2ton lumineux K-Pax vert (fixe) 38 cm"},"content":{"rendered":"<p>Technologie : LEDs Weatherproof<br \/>\nOptions : Dragonne et clip-ceinture<br \/>\nFonctions : 1 bouton : fonction fixe \/ 1 bouton : torche en bout de b\u00e2ton<br \/>\nDimensions : 38 cm dont 20 cm de partie lumineuse<br \/>\nDiam\u00e8tre : 30 mm<br \/>\nPoids : 285 gr<br \/>\nAlimentation : 3 piles LR03<\/p>\n","protected":false},"excerpt":{"rendered":"<p>Le b\u00e2ton lumineux K-Pax est un b\u00e2ton de guidage et de signalisation fiable, robuste et l\u00e9ger. C&rsquo;est l\u2019accessoire indispensable pour signaler un danger, guider \u00e0 distance et \u00eatre vu \u00e0 grande distance. Id\u00e9al pour le guidage avion, v\u00e9hicule, balisage, interpellation etc.<\/p>\n","protected":false},"featured_media":1422,"template":"","meta":{"_uag_custom_page_level_css":"","site-sidebar-layout":"default","site-content-layout":"default","ast-main-header-display":"","ast-hfb-above-header-display":"","ast-hfb-below-header-display":"","ast-hfb-mobile-header-display":"","site-post-title":"","ast-breadcrumbs-content":"","ast-featured-img":"","footer-sml-layout":"","theme-transparent-header-meta":"","adv-header-id-meta":"","stick-header-meta":"","header-above-stick-meta":"","header-main-stick-meta":"","header-below-stick-meta":""},"product_brand":[],"product_cat":[27,30],"product_tag":[],"class_list":{"0":"post-1336","1":"product","2":"type-product","3":"status-publish","4":"has-post-thumbnail","6":"product_cat-batons-de-guidage","7":"product_cat-batons-lumineux","9":"first","10":"instock","11":"shipping-taxable","12":"product-type-simple"},"yoast_head":"<!-- This site is optimized with the Yoast SEO plugin v25.3 - https:\/\/yoast.com\/wordpress\/plugins\/seo\/ -->\n<title>B\u00e2ton lumineux K-Pax vert (fixe) 38 cm<\/title>\n<meta name=\"description\" content=\"Le b\u00e2ton lumineux K-Pax est un b\u00e2ton de guidage et de signalisation fiable, robuste et l\u00e9ger. C&#039;est l\u2019accessoire indispensable pour signaler un danger, guider \u00e0 distance et \u00eatre vu \u00e0 grande distance. Id\u00e9al pour le guidage avion, v\u00e9hicule, balisage, interpellation...\" \/>\n<meta name=\"robots\" content=\"index, follow, max-snippet:-1, max-image-preview:large, max-video-preview:-1\" \/>\n<link rel=\"canonical\" href=\"http:\/\/tarmac-equipements.fr\/index.php\/produit\/baton-lumineux-k-pax-vert-38-cm\/\" \/>\n<meta property=\"og:locale\" content=\"fr_FR\" \/>\n<meta property=\"og:type\" content=\"article\" \/>\n<meta property=\"og:title\" content=\"B\u00e2ton lumineux K-Pax vert (fixe) 38 cm\" \/>\n<meta property=\"og:description\" content=\"Le b\u00e2ton lumineux K-Pax est un b\u00e2ton de guidage et de signalisation fiable, robuste et l\u00e9ger. C&#039;est l\u2019accessoire indispensable pour signaler un danger, guider \u00e0 distance et \u00eatre vu \u00e0 grande distance. Id\u00e9al pour le guidage avion, v\u00e9hicule, balisage, interpellation...\" \/>\n<meta property=\"og:url\" content=\"http:\/\/tarmac-equipements.fr\/index.php\/produit\/baton-lumineux-k-pax-vert-38-cm\/\" \/>\n<meta property=\"og:site_name\" content=\"TARMAC EQUIPEMENTS\" \/>\n<meta property=\"article:modified_time\" content=\"2022-11-02T10:22:30+00:00\" \/>\n<meta property=\"og:image\" content=\"http:\/\/tarmac-equipements.fr\/wp-content\/uploads\/2022\/10\/Baton-lumineux-K-pas-vert-fixe.jpg?v=1672863453\" \/>\n\t<meta property=\"og:image:width\" content=\"2000\" \/>\n\t<meta property=\"og:image:height\" content=\"2000\" \/>\n\t<meta property=\"og:image:type\" content=\"image\/jpeg\" \/>\n<meta name=\"twitter:card\" content=\"summary_large_image\" \/>\n<meta name=\"twitter:label1\" content=\"Dur\u00e9e de lecture estim\u00e9e\" \/>\n\t<meta name=\"twitter:data1\" content=\"1 minute\" \/>\n<script type=\"application\/ld+json\" class=\"yoast-schema-graph\">{\"@context\":\"https:\/\/schema.org\",\"@graph\":[{\"@type\":\"WebPage\",\"@id\":\"http:\/\/tarmac-equipements.fr\/index.php\/produit\/baton-lumineux-k-pax-vert-38-cm\/\",\"url\":\"http:\/\/tarmac-equipements.fr\/index.php\/produit\/baton-lumineux-k-pax-vert-38-cm\/\",\"name\":\"B\u00e2ton lumineux K-Pax vert (fixe) 38 cm\",\"isPartOf\":{\"@id\":\"https:\/\/tarmac-equipements.fr\/#website\"},\"primaryImageOfPage\":{\"@id\":\"http:\/\/tarmac-equipements.fr\/index.php\/produit\/baton-lumineux-k-pax-vert-38-cm\/#primaryimage\"},\"image\":{\"@id\":\"http:\/\/tarmac-equipements.fr\/index.php\/produit\/baton-lumineux-k-pax-vert-38-cm\/#primaryimage\"},\"thumbnailUrl\":\"https:\/\/tarmac-equipements.fr\/wp-content\/uploads\/2022\/10\/Baton-lumineux-K-pas-vert-fixe.jpg?v=1672863453\",\"datePublished\":\"2022-10-27T07:43:20+00:00\",\"dateModified\":\"2022-11-02T10:22:30+00:00\",\"description\":\"Le b\u00e2ton lumineux K-Pax est un b\u00e2ton de guidage et de signalisation fiable, robuste et l\u00e9ger. C'est l\u2019accessoire indispensable pour signaler un danger, guider \u00e0 distance et \u00eatre vu \u00e0 grande distance. Id\u00e9al pour le guidage avion, v\u00e9hicule, balisage, interpellation...\",\"breadcrumb\":{\"@id\":\"http:\/\/tarmac-equipements.fr\/index.php\/produit\/baton-lumineux-k-pax-vert-38-cm\/#breadcrumb\"},\"inLanguage\":\"fr-FR\",\"potentialAction\":[{\"@type\":\"ReadAction\",\"target\":[\"http:\/\/tarmac-equipements.fr\/index.php\/produit\/baton-lumineux-k-pax-vert-38-cm\/\"]}]},{\"@type\":\"ImageObject\",\"inLanguage\":\"fr-FR\",\"@id\":\"http:\/\/tarmac-equipements.fr\/index.php\/produit\/baton-lumineux-k-pax-vert-38-cm\/#primaryimage\",\"url\":\"https:\/\/tarmac-equipements.fr\/wp-content\/uploads\/2022\/10\/Baton-lumineux-K-pas-vert-fixe.jpg?v=1672863453\",\"contentUrl\":\"https:\/\/tarmac-equipements.fr\/wp-content\/uploads\/2022\/10\/Baton-lumineux-K-pas-vert-fixe.jpg?v=1672863453\",\"width\":2000,\"height\":2000},{\"@type\":\"BreadcrumbList\",\"@id\":\"http:\/\/tarmac-equipements.fr\/index.php\/produit\/baton-lumineux-k-pax-vert-38-cm\/#breadcrumb\",\"itemListElement\":[{\"@type\":\"ListItem\",\"position\":1,\"name\":\"Accueil\",\"item\":\"https:\/\/tarmac-equipements.fr\/\"},{\"@type\":\"ListItem\",\"position\":2,\"name\":\"NOS PRODUITS\",\"item\":\"https:\/\/tarmac-equipements.fr\/index.php\/boutique\/\"},{\"@type\":\"ListItem\",\"position\":3,\"name\":\"B\u00e2ton lumineux K-Pax vert (fixe) 38 cm\"}]},{\"@type\":\"WebSite\",\"@id\":\"https:\/\/tarmac-equipements.fr\/#website\",\"url\":\"https:\/\/tarmac-equipements.fr\/\",\"name\":\"TARMAC EQUIPEMENTS\",\"description\":\"ACCESSOIRES AEROPORTUAIRES\",\"publisher\":{\"@id\":\"https:\/\/tarmac-equipements.fr\/#organization\"},\"potentialAction\":[{\"@type\":\"SearchAction\",\"target\":{\"@type\":\"EntryPoint\",\"urlTemplate\":\"https:\/\/tarmac-equipements.fr\/?s={search_term_string}\"},\"query-input\":{\"@type\":\"PropertyValueSpecification\",\"valueRequired\":true,\"valueName\":\"search_term_string\"}}],\"inLanguage\":\"fr-FR\"},{\"@type\":\"Organization\",\"@id\":\"https:\/\/tarmac-equipements.fr\/#organization\",\"name\":\"TARMAC EQUIPEMENTS\",\"url\":\"https:\/\/tarmac-equipements.fr\/\",\"logo\":{\"@type\":\"ImageObject\",\"inLanguage\":\"fr-FR\",\"@id\":\"https:\/\/tarmac-equipements.fr\/#\/schema\/logo\/image\/\",\"url\":\"https:\/\/tarmac-equipements.fr\/wp-content\/uploads\/2022\/01\/Logo-Officiel.png\",\"contentUrl\":\"https:\/\/tarmac-equipements.fr\/wp-content\/uploads\/2022\/01\/Logo-Officiel.png\",\"width\":1024,\"height\":576,\"caption\":\"TARMAC EQUIPEMENTS\"},\"image\":{\"@id\":\"https:\/\/tarmac-equipements.fr\/#\/schema\/logo\/image\/\"}}]}<\/script>\n<!-- \/ Yoast SEO plugin. -->","yoast_head_json":{"title":"B\u00e2ton lumineux K-Pax vert (fixe) 38 cm","description":"Le b\u00e2ton lumineux K-Pax est un b\u00e2ton de guidage et de signalisation fiable, robuste et l\u00e9ger. C'est l\u2019accessoire indispensable pour signaler un danger, guider \u00e0 distance et \u00eatre vu \u00e0 grande distance. Id\u00e9al pour le guidage avion, v\u00e9hicule, balisage, interpellation...","robots":{"index":"index","follow":"follow","max-snippet":"max-snippet:-1","max-image-preview":"max-image-preview:large","max-video-preview":"max-video-preview:-1"},"canonical":"http:\/\/tarmac-equipements.fr\/index.php\/produit\/baton-lumineux-k-pax-vert-38-cm\/","og_locale":"fr_FR","og_type":"article","og_title":"B\u00e2ton lumineux K-Pax vert (fixe) 38 cm","og_description":"Le b\u00e2ton lumineux K-Pax est un b\u00e2ton de guidage et de signalisation fiable, robuste et l\u00e9ger. C'est l\u2019accessoire indispensable pour signaler un danger, guider \u00e0 distance et \u00eatre vu \u00e0 grande distance. Id\u00e9al pour le guidage avion, v\u00e9hicule, balisage, interpellation...","og_url":"http:\/\/tarmac-equipements.fr\/index.php\/produit\/baton-lumineux-k-pax-vert-38-cm\/","og_site_name":"TARMAC EQUIPEMENTS","article_modified_time":"2022-11-02T10:22:30+00:00","og_image":[{"width":2000,"height":2000,"url":"http:\/\/tarmac-equipements.fr\/wp-content\/uploads\/2022\/10\/Baton-lumineux-K-pas-vert-fixe.jpg?v=1672863453","type":"image\/jpeg"}],"twitter_card":"summary_large_image","twitter_misc":{"Dur\u00e9e de lecture estim\u00e9e":"1 minute"},"schema":{"@context":"https:\/\/schema.org","@graph":[{"@type":"WebPage","@id":"http:\/\/tarmac-equipements.fr\/index.php\/produit\/baton-lumineux-k-pax-vert-38-cm\/","url":"http:\/\/tarmac-equipements.fr\/index.php\/produit\/baton-lumineux-k-pax-vert-38-cm\/","name":"B\u00e2ton lumineux K-Pax vert (fixe) 38 cm","isPartOf":{"@id":"https:\/\/tarmac-equipements.fr\/#website"},"primaryImageOfPage":{"@id":"http:\/\/tarmac-equipements.fr\/index.php\/produit\/baton-lumineux-k-pax-vert-38-cm\/#primaryimage"},"image":{"@id":"http:\/\/tarmac-equipements.fr\/index.php\/produit\/baton-lumineux-k-pax-vert-38-cm\/#primaryimage"},"thumbnailUrl":"https:\/\/tarmac-equipements.fr\/wp-content\/uploads\/2022\/10\/Baton-lumineux-K-pas-vert-fixe.jpg?v=1672863453","datePublished":"2022-10-27T07:43:20+00:00","dateModified":"2022-11-02T10:22:30+00:00","description":"Le b\u00e2ton lumineux K-Pax est un b\u00e2ton de guidage et de signalisation fiable, robuste et l\u00e9ger. C'est l\u2019accessoire indispensable pour signaler un danger, guider \u00e0 distance et \u00eatre vu \u00e0 grande distance. Id\u00e9al pour le guidage avion, v\u00e9hicule, balisage, interpellation...","breadcrumb":{"@id":"http:\/\/tarmac-equipements.fr\/index.php\/produit\/baton-lumineux-k-pax-vert-38-cm\/#breadcrumb"},"inLanguage":"fr-FR","potentialAction":[{"@type":"ReadAction","target":["http:\/\/tarmac-equipements.fr\/index.php\/produit\/baton-lumineux-k-pax-vert-38-cm\/"]}]},{"@type":"ImageObject","inLanguage":"fr-FR","@id":"http:\/\/tarmac-equipements.fr\/index.php\/produit\/baton-lumineux-k-pax-vert-38-cm\/#primaryimage","url":"https:\/\/tarmac-equipements.fr\/wp-content\/uploads\/2022\/10\/Baton-lumineux-K-pas-vert-fixe.jpg?v=1672863453","contentUrl":"https:\/\/tarmac-equipements.fr\/wp-content\/uploads\/2022\/10\/Baton-lumineux-K-pas-vert-fixe.jpg?v=1672863453","width":2000,"height":2000},{"@type":"BreadcrumbList","@id":"http:\/\/tarmac-equipements.fr\/index.php\/produit\/baton-lumineux-k-pax-vert-38-cm\/#breadcrumb","itemListElement":[{"@type":"ListItem","position":1,"name":"Accueil","item":"https:\/\/tarmac-equipements.fr\/"},{"@type":"ListItem","position":2,"name":"NOS PRODUITS","item":"https:\/\/tarmac-equipements.fr\/index.php\/boutique\/"},{"@type":"ListItem","position":3,"name":"B\u00e2ton lumineux K-Pax vert (fixe) 38 cm"}]},{"@type":"WebSite","@id":"https:\/\/tarmac-equipements.fr\/#website","url":"https:\/\/tarmac-equipements.fr\/","name":"TARMAC EQUIPEMENTS","description":"ACCESSOIRES AEROPORTUAIRES","publisher":{"@id":"https:\/\/tarmac-equipements.fr\/#organization"},"potentialAction":[{"@type":"SearchAction","target":{"@type":"EntryPoint","urlTemplate":"https:\/\/tarmac-equipements.fr\/?s={search_term_string}"},"query-input":{"@type":"PropertyValueSpecification","valueRequired":true,"valueName":"search_term_string"}}],"inLanguage":"fr-FR"},{"@type":"Organization","@id":"https:\/\/tarmac-equipements.fr\/#organization","name":"TARMAC EQUIPEMENTS","url":"https:\/\/tarmac-equipements.fr\/","logo":{"@type":"ImageObject","inLanguage":"fr-FR","@id":"https:\/\/tarmac-equipements.fr\/#\/schema\/logo\/image\/","url":"https:\/\/tarmac-equipements.fr\/wp-content\/uploads\/2022\/01\/Logo-Officiel.png","contentUrl":"https:\/\/tarmac-equipements.fr\/wp-content\/uploads\/2022\/01\/Logo-Officiel.png","width":1024,"height":576,"caption":"TARMAC EQUIPEMENTS"},"image":{"@id":"https:\/\/tarmac-equipements.fr\/#\/schema\/logo\/image\/"}}]}},"uagb_featured_image_src":{"full":["https:\/\/tarmac-equipements.fr\/wp-content\/uploads\/2022\/10\/Baton-lumineux-K-pas-vert-fixe.jpg?v=1672863453",2000,2000,false],"thumbnail":["https:\/\/tarmac-equipements.fr\/wp-content\/uploads\/2022\/10\/Baton-lumineux-K-pas-vert-fixe-150x150.jpg?v=1672863453",150,150,true],"medium":["https:\/\/tarmac-equipements.fr\/wp-content\/uploads\/2022\/10\/Baton-lumineux-K-pas-vert-fixe-300x300.jpg?v=1672863453",300,300,true],"medium_large":["https:\/\/tarmac-equipements.fr\/wp-content\/uploads\/2022\/10\/Baton-lumineux-K-pas-vert-fixe-768x768.jpg?v=1672863453",768,768,true],"large":["https:\/\/tarmac-equipements.fr\/wp-content\/uploads\/2022\/10\/Baton-lumineux-K-pas-vert-fixe-1024x1024.jpg?v=1672863453",1024,1024,true],"1536x1536":["https:\/\/tarmac-equipements.fr\/wp-content\/uploads\/2022\/10\/Baton-lumineux-K-pas-vert-fixe-1536x1536.jpg?v=1672863453",1536,1536,true],"2048x2048":["https:\/\/tarmac-equipements.fr\/wp-content\/uploads\/2022\/10\/Baton-lumineux-K-pas-vert-fixe.jpg?v=1672863453",2000,2000,false],"woocommerce_thumbnail":["https:\/\/tarmac-equipements.fr\/wp-content\/uploads\/2022\/10\/Baton-lumineux-K-pas-vert-fixe-300x300.jpg?v=1672863453",300,300,true],"woocommerce_single":["https:\/\/tarmac-equipements.fr\/wp-content\/uploads\/2022\/10\/Baton-lumineux-K-pas-vert-fixe-600x600.jpg?v=1672863453",600,600,true],"woocommerce_gallery_thumbnail":["https:\/\/tarmac-equipements.fr\/wp-content\/uploads\/2022\/10\/Baton-lumineux-K-pas-vert-fixe-100x100.jpg?v=1672863453",100,100,true]},"uagb_author_info":{"display_name":"Alexandre Hallot","author_link":"https:\/\/tarmac-equipements.fr\/index.php\/author\/"},"uagb_comment_info":0,"uagb_excerpt":"Le b\u00e2ton lumineux K-Pax est un b\u00e2ton de guidage et de signalisation fiable, robuste et l\u00e9ger. C'est l\u2019accessoire indispensable pour signaler un danger, guider \u00e0 distance et \u00eatre vu \u00e0 grande distance. Id\u00e9al pour le guidage avion, v\u00e9hicule, balisage, interpellation etc.","jetpack_sharing_enabled":true,"_links":{"self":[{"href":"https:\/\/tarmac-equipements.fr\/index.php\/wp-json\/wp\/v2\/product\/1336","targetHints":{"allow":["GET"]}}],"collection":[{"href":"https:\/\/tarmac-equipements.fr\/index.php\/wp-json\/wp\/v2\/product"}],"about":[{"href":"https:\/\/tarmac-equipements.fr\/index.php\/wp-json\/wp\/v2\/types\/product"}],"wp:featuredmedia":[{"embeddable":true,"href":"https:\/\/tarmac-equipements.fr\/index.php\/wp-json\/wp\/v2\/media\/1422"}],"wp:attachment":[{"href":"https:\/\/tarmac-equipements.fr\/index.php\/wp-json\/wp\/v2\/media?parent=1336"}],"wp:term":[{"taxonomy":"product_brand","embeddable":true,"href":"https:\/\/tarmac-equipements.fr\/index.php\/wp-json\/wp\/v2\/product_brand?post=1336"},{"taxonomy":"product_cat","embeddable":true,"href":"https:\/\/tarmac-equipements.fr\/index.php\/wp-json\/wp\/v2\/product_cat?post=1336"},{"taxonomy":"product_tag","embeddable":true,"href":"https:\/\/tarmac-equipements.fr\/index.php\/wp-json\/wp\/v2\/product_tag?post=1336"}],"curies":[{"name":"wp","href":"https:\/\/api.w.org\/{rel}","templated":true}]}}