{"id":1384,"date":"2022-10-27T16:37:02","date_gmt":"2022-10-27T14:37:02","guid":{"rendered":"http:\/\/tarmac-equipements.fr\/?post_type=product&#038;p=1384"},"modified":"2022-10-27T16:49:55","modified_gmt":"2022-10-27T14:49:55","slug":"corde-darrimage-aeronautique-en-bobine-200-metres-aux-normes-aero","status":"publish","type":"product","link":"https:\/\/tarmac-equipements.fr\/index.php\/produit\/corde-darrimage-aeronautique-en-bobine-200-metres-aux-normes-aero\/","title":{"rendered":"Corde d&rsquo;arrimage a\u00e9ronautique en bobine 200 m\u00e8tres aux normes a\u00e9ro"},"content":{"rendered":"<p>Conditionnement : bobine \u00e0 d\u00e9rouler<br \/>\nLongueur : 200 m\u00e8tres<br \/>\nMat\u00e9riel : polyester tress\u00e9<br \/>\nComposition : \u00e2me torsad\u00e9e en polyamide<br \/>\nDiam\u00e8tre : 8 mm<br \/>\nR\u00e9sistance : 750 kg<\/p>\n","protected":false},"excerpt":{"rendered":"<p>Bobine de corde d&rsquo;arrimage diam\u00e8tre 8mm \u00e0 la r\u00e9sistance de 750 kg con\u00e7ue pour l&rsquo;arrimage a\u00e9ro et l&rsquo;utilisation avec des pions d&rsquo;arrimage.<\/p>\n","protected":false},"featured_media":0,"template":"","meta":{"_uag_custom_page_level_css":"","site-sidebar-layout":"default","site-content-layout":"default","ast-main-header-display":"","ast-hfb-above-header-display":"","ast-hfb-below-header-display":"","ast-hfb-mobile-header-display":"","site-post-title":"","ast-breadcrumbs-content":"","ast-featured-img":"","footer-sml-layout":"","theme-transparent-header-meta":"","adv-header-id-meta":"","stick-header-meta":"","header-above-stick-meta":"","header-main-stick-meta":"","header-below-stick-meta":""},"product_brand":[],"product_cat":[31,53],"product_tag":[],"class_list":{"0":"post-1384","1":"product","2":"type-product","3":"status-publish","5":"product_cat-arrimage","6":"product_cat-arrimage-industriel","8":"first","9":"instock","10":"shipping-taxable","11":"product-type-simple"},"yoast_head":"<!-- This site is optimized with the Yoast SEO plugin v25.3 - https:\/\/yoast.com\/wordpress\/plugins\/seo\/ -->\n<title>Corde d&#039;arrimage a\u00e9ronautique en bobine 200 m\u00e8tres aux normes a\u00e9ro<\/title>\n<meta name=\"description\" content=\"Bobine de corde d&#039;arrimage en polyester tress\u00e9 diam\u00e8tre 8mm \u00e0 la r\u00e9sistance de 750 kg con\u00e7ue pour l&#039;arrimage a\u00e9ro et l&#039;utilisation avec des pions d&#039;arrimage.\" \/>\n<meta name=\"robots\" content=\"index, follow, max-snippet:-1, max-image-preview:large, max-video-preview:-1\" \/>\n<link rel=\"canonical\" href=\"http:\/\/tarmac-equipements.fr\/index.php\/produit\/corde-darrimage-aeronautique-en-bobine-200-metres-aux-normes-aero\/\" \/>\n<meta property=\"og:locale\" content=\"fr_FR\" \/>\n<meta property=\"og:type\" content=\"article\" \/>\n<meta property=\"og:title\" content=\"Corde d&#039;arrimage a\u00e9ronautique en bobine 200 m\u00e8tres aux normes a\u00e9ro\" \/>\n<meta property=\"og:description\" content=\"Bobine de corde d&#039;arrimage en polyester tress\u00e9 diam\u00e8tre 8mm \u00e0 la r\u00e9sistance de 750 kg con\u00e7ue pour l&#039;arrimage a\u00e9ro et l&#039;utilisation avec des pions d&#039;arrimage.\" \/>\n<meta property=\"og:url\" content=\"http:\/\/tarmac-equipements.fr\/index.php\/produit\/corde-darrimage-aeronautique-en-bobine-200-metres-aux-normes-aero\/\" \/>\n<meta property=\"og:site_name\" content=\"TARMAC EQUIPEMENTS\" \/>\n<meta property=\"article:modified_time\" content=\"2022-10-27T14:49:55+00:00\" \/>\n<meta name=\"twitter:card\" content=\"summary_large_image\" \/>\n<meta name=\"twitter:label1\" content=\"Dur\u00e9e de lecture estim\u00e9e\" \/>\n\t<meta name=\"twitter:data1\" content=\"1 minute\" \/>\n<script type=\"application\/ld+json\" class=\"yoast-schema-graph\">{\"@context\":\"https:\/\/schema.org\",\"@graph\":[{\"@type\":\"WebPage\",\"@id\":\"http:\/\/tarmac-equipements.fr\/index.php\/produit\/corde-darrimage-aeronautique-en-bobine-200-metres-aux-normes-aero\/\",\"url\":\"http:\/\/tarmac-equipements.fr\/index.php\/produit\/corde-darrimage-aeronautique-en-bobine-200-metres-aux-normes-aero\/\",\"name\":\"Corde d'arrimage a\u00e9ronautique en bobine 200 m\u00e8tres aux normes a\u00e9ro\",\"isPartOf\":{\"@id\":\"https:\/\/tarmac-equipements.fr\/#website\"},\"datePublished\":\"2022-10-27T14:37:02+00:00\",\"dateModified\":\"2022-10-27T14:49:55+00:00\",\"description\":\"Bobine de corde d'arrimage en polyester tress\u00e9 diam\u00e8tre 8mm \u00e0 la r\u00e9sistance de 750 kg con\u00e7ue pour l'arrimage a\u00e9ro et l'utilisation avec des pions d'arrimage.\",\"breadcrumb\":{\"@id\":\"http:\/\/tarmac-equipements.fr\/index.php\/produit\/corde-darrimage-aeronautique-en-bobine-200-metres-aux-normes-aero\/#breadcrumb\"},\"inLanguage\":\"fr-FR\",\"potentialAction\":[{\"@type\":\"ReadAction\",\"target\":[\"http:\/\/tarmac-equipements.fr\/index.php\/produit\/corde-darrimage-aeronautique-en-bobine-200-metres-aux-normes-aero\/\"]}]},{\"@type\":\"BreadcrumbList\",\"@id\":\"http:\/\/tarmac-equipements.fr\/index.php\/produit\/corde-darrimage-aeronautique-en-bobine-200-metres-aux-normes-aero\/#breadcrumb\",\"itemListElement\":[{\"@type\":\"ListItem\",\"position\":1,\"name\":\"Accueil\",\"item\":\"https:\/\/tarmac-equipements.fr\/\"},{\"@type\":\"ListItem\",\"position\":2,\"name\":\"NOS PRODUITS\",\"item\":\"https:\/\/tarmac-equipements.fr\/index.php\/boutique\/\"},{\"@type\":\"ListItem\",\"position\":3,\"name\":\"Corde d&rsquo;arrimage a\u00e9ronautique en bobine 200 m\u00e8tres aux normes a\u00e9ro\"}]},{\"@type\":\"WebSite\",\"@id\":\"https:\/\/tarmac-equipements.fr\/#website\",\"url\":\"https:\/\/tarmac-equipements.fr\/\",\"name\":\"TARMAC EQUIPEMENTS\",\"description\":\"ACCESSOIRES AEROPORTUAIRES\",\"publisher\":{\"@id\":\"https:\/\/tarmac-equipements.fr\/#organization\"},\"potentialAction\":[{\"@type\":\"SearchAction\",\"target\":{\"@type\":\"EntryPoint\",\"urlTemplate\":\"https:\/\/tarmac-equipements.fr\/?s={search_term_string}\"},\"query-input\":{\"@type\":\"PropertyValueSpecification\",\"valueRequired\":true,\"valueName\":\"search_term_string\"}}],\"inLanguage\":\"fr-FR\"},{\"@type\":\"Organization\",\"@id\":\"https:\/\/tarmac-equipements.fr\/#organization\",\"name\":\"TARMAC EQUIPEMENTS\",\"url\":\"https:\/\/tarmac-equipements.fr\/\",\"logo\":{\"@type\":\"ImageObject\",\"inLanguage\":\"fr-FR\",\"@id\":\"https:\/\/tarmac-equipements.fr\/#\/schema\/logo\/image\/\",\"url\":\"https:\/\/tarmac-equipements.fr\/wp-content\/uploads\/2022\/01\/Logo-Officiel.png\",\"contentUrl\":\"https:\/\/tarmac-equipements.fr\/wp-content\/uploads\/2022\/01\/Logo-Officiel.png\",\"width\":1024,\"height\":576,\"caption\":\"TARMAC EQUIPEMENTS\"},\"image\":{\"@id\":\"https:\/\/tarmac-equipements.fr\/#\/schema\/logo\/image\/\"}}]}<\/script>\n<!-- \/ Yoast SEO plugin. -->","yoast_head_json":{"title":"Corde d'arrimage a\u00e9ronautique en bobine 200 m\u00e8tres aux normes a\u00e9ro","description":"Bobine de corde d'arrimage en polyester tress\u00e9 diam\u00e8tre 8mm \u00e0 la r\u00e9sistance de 750 kg con\u00e7ue pour l'arrimage a\u00e9ro et l'utilisation avec des pions d'arrimage.","robots":{"index":"index","follow":"follow","max-snippet":"max-snippet:-1","max-image-preview":"max-image-preview:large","max-video-preview":"max-video-preview:-1"},"canonical":"http:\/\/tarmac-equipements.fr\/index.php\/produit\/corde-darrimage-aeronautique-en-bobine-200-metres-aux-normes-aero\/","og_locale":"fr_FR","og_type":"article","og_title":"Corde d'arrimage a\u00e9ronautique en bobine 200 m\u00e8tres aux normes a\u00e9ro","og_description":"Bobine de corde d'arrimage en polyester tress\u00e9 diam\u00e8tre 8mm \u00e0 la r\u00e9sistance de 750 kg con\u00e7ue pour l'arrimage a\u00e9ro et l'utilisation avec des pions d'arrimage.","og_url":"http:\/\/tarmac-equipements.fr\/index.php\/produit\/corde-darrimage-aeronautique-en-bobine-200-metres-aux-normes-aero\/","og_site_name":"TARMAC EQUIPEMENTS","article_modified_time":"2022-10-27T14:49:55+00:00","twitter_card":"summary_large_image","twitter_misc":{"Dur\u00e9e de lecture estim\u00e9e":"1 minute"},"schema":{"@context":"https:\/\/schema.org","@graph":[{"@type":"WebPage","@id":"http:\/\/tarmac-equipements.fr\/index.php\/produit\/corde-darrimage-aeronautique-en-bobine-200-metres-aux-normes-aero\/","url":"http:\/\/tarmac-equipements.fr\/index.php\/produit\/corde-darrimage-aeronautique-en-bobine-200-metres-aux-normes-aero\/","name":"Corde d'arrimage a\u00e9ronautique en bobine 200 m\u00e8tres aux normes a\u00e9ro","isPartOf":{"@id":"https:\/\/tarmac-equipements.fr\/#website"},"datePublished":"2022-10-27T14:37:02+00:00","dateModified":"2022-10-27T14:49:55+00:00","description":"Bobine de corde d'arrimage en polyester tress\u00e9 diam\u00e8tre 8mm \u00e0 la r\u00e9sistance de 750 kg con\u00e7ue pour l'arrimage a\u00e9ro et l'utilisation avec des pions d'arrimage.","breadcrumb":{"@id":"http:\/\/tarmac-equipements.fr\/index.php\/produit\/corde-darrimage-aeronautique-en-bobine-200-metres-aux-normes-aero\/#breadcrumb"},"inLanguage":"fr-FR","potentialAction":[{"@type":"ReadAction","target":["http:\/\/tarmac-equipements.fr\/index.php\/produit\/corde-darrimage-aeronautique-en-bobine-200-metres-aux-normes-aero\/"]}]},{"@type":"BreadcrumbList","@id":"http:\/\/tarmac-equipements.fr\/index.php\/produit\/corde-darrimage-aeronautique-en-bobine-200-metres-aux-normes-aero\/#breadcrumb","itemListElement":[{"@type":"ListItem","position":1,"name":"Accueil","item":"https:\/\/tarmac-equipements.fr\/"},{"@type":"ListItem","position":2,"name":"NOS PRODUITS","item":"https:\/\/tarmac-equipements.fr\/index.php\/boutique\/"},{"@type":"ListItem","position":3,"name":"Corde d&rsquo;arrimage a\u00e9ronautique en bobine 200 m\u00e8tres aux normes a\u00e9ro"}]},{"@type":"WebSite","@id":"https:\/\/tarmac-equipements.fr\/#website","url":"https:\/\/tarmac-equipements.fr\/","name":"TARMAC EQUIPEMENTS","description":"ACCESSOIRES AEROPORTUAIRES","publisher":{"@id":"https:\/\/tarmac-equipements.fr\/#organization"},"potentialAction":[{"@type":"SearchAction","target":{"@type":"EntryPoint","urlTemplate":"https:\/\/tarmac-equipements.fr\/?s={search_term_string}"},"query-input":{"@type":"PropertyValueSpecification","valueRequired":true,"valueName":"search_term_string"}}],"inLanguage":"fr-FR"},{"@type":"Organization","@id":"https:\/\/tarmac-equipements.fr\/#organization","name":"TARMAC EQUIPEMENTS","url":"https:\/\/tarmac-equipements.fr\/","logo":{"@type":"ImageObject","inLanguage":"fr-FR","@id":"https:\/\/tarmac-equipements.fr\/#\/schema\/logo\/image\/","url":"https:\/\/tarmac-equipements.fr\/wp-content\/uploads\/2022\/01\/Logo-Officiel.png","contentUrl":"https:\/\/tarmac-equipements.fr\/wp-content\/uploads\/2022\/01\/Logo-Officiel.png","width":1024,"height":576,"caption":"TARMAC EQUIPEMENTS"},"image":{"@id":"https:\/\/tarmac-equipements.fr\/#\/schema\/logo\/image\/"}}]}},"uagb_featured_image_src":{"full":false,"thumbnail":false,"medium":false,"medium_large":false,"large":false,"1536x1536":false,"2048x2048":false,"woocommerce_thumbnail":false,"woocommerce_single":false,"woocommerce_gallery_thumbnail":false},"uagb_author_info":{"display_name":"Alexandre Hallot","author_link":"https:\/\/tarmac-equipements.fr\/index.php\/author\/"},"uagb_comment_info":0,"uagb_excerpt":"Bobine de corde d'arrimage diam\u00e8tre 8mm \u00e0 la r\u00e9sistance de 750 kg con\u00e7ue pour l'arrimage a\u00e9ro et l'utilisation avec des pions d'arrimage.","jetpack_sharing_enabled":true,"_links":{"self":[{"href":"https:\/\/tarmac-equipements.fr\/index.php\/wp-json\/wp\/v2\/product\/1384","targetHints":{"allow":["GET"]}}],"collection":[{"href":"https:\/\/tarmac-equipements.fr\/index.php\/wp-json\/wp\/v2\/product"}],"about":[{"href":"https:\/\/tarmac-equipements.fr\/index.php\/wp-json\/wp\/v2\/types\/product"}],"wp:attachment":[{"href":"https:\/\/tarmac-equipements.fr\/index.php\/wp-json\/wp\/v2\/media?parent=1384"}],"wp:term":[{"taxonomy":"product_brand","embeddable":true,"href":"https:\/\/tarmac-equipements.fr\/index.php\/wp-json\/wp\/v2\/product_brand?post=1384"},{"taxonomy":"product_cat","embeddable":true,"href":"https:\/\/tarmac-equipements.fr\/index.php\/wp-json\/wp\/v2\/product_cat?post=1384"},{"taxonomy":"product_tag","embeddable":true,"href":"https:\/\/tarmac-equipements.fr\/index.php\/wp-json\/wp\/v2\/product_tag?post=1384"}],"curies":[{"name":"wp","href":"https:\/\/api.w.org\/{rel}","templated":true}]}}