{"id":1432,"date":"2022-11-02T12:39:13","date_gmt":"2022-11-02T11:39:13","guid":{"rendered":"http:\/\/tarmac-equipements.fr\/?post_type=product&#038;p=1432"},"modified":"2022-11-17T20:46:36","modified_gmt":"2022-11-17T19:46:36","slug":"casque-ipf-depart-avion-push-back-maintenance-rallonge-15-metres-integree-2","status":"publish","type":"product","link":"https:\/\/tarmac-equipements.fr\/index.php\/produit\/casque-ipf-depart-avion-push-back-maintenance-rallonge-15-metres-integree-2\/","title":{"rendered":"Casque IPF d\u00e9part avion &#8211; push \/ back &#8211; maintenance (rallonge 15 m\u00e8tres int\u00e9gr\u00e9e)"},"content":{"rendered":"<p>Le casque IPF Bluesky avec rallonge de 15 m\u00e8tres int\u00e9gr\u00e9e est destin\u00e9 aux \u00e9quipes de piste et de maintenance. Sa configuration permet une communication optimale dans un milieu bruyant.<\/p>\n<p>Il a \u00e9t\u00e9 con\u00e7u pour les op\u00e9rations suivantes :<br \/>\n\u25d8 op\u00e9rations de repoussage et arriv\u00e9e \u00abpush-back\u00bb<br \/>\n\u25d8 op\u00e9rations de maintenance<br \/>\n\u25d8 utilisation en points fixes<\/p>\n<p>Caract\u00e9ristiques techniques :<br \/>\n\u25d8 insonorisation 33dB sup\u00e9rieure<br \/>\n\u25d8 armature ergonomique am\u00e9lior\u00e9e<br \/>\n\u25d8 ensemble renforc\u00e9e en poly\u00e9thyl\u00e8ne flexible<br \/>\n\u25d8 coques avec oreillettes en mousse<br \/>\n\u25d8 micro electret \u00e0 diff\u00e9rentiel<br \/>\n\u25d8 \u00e9couteurs large bande<br \/>\n\u25d8 commutateur \u00e0 fonction continue ou alternative<br \/>\n\u25d8 weatherproof<br \/>\n\u25d8 sortie jack m\u00e2le 6.35 mm<br \/>\n\u25d8 cable haute r\u00e9sistance<\/p>\n<p>Les connectiques peuvent \u00eatre modifi\u00e9es et adapt\u00e9es aux pr\u00e9requis techniques (ex : fiches jack, xlr etc.).<\/p>\n","protected":false},"excerpt":{"rendered":"<p>Le casque IPF Bluesky avec rallonge int\u00e9gr\u00e9e est un casque de d\u00e9part avion destin\u00e9 aux op\u00e9rations push\/back et maintenance. Sa configuration permet une communication optimale dans un milieu bruyant.<\/p>\n","protected":false},"featured_media":1510,"template":"","meta":{"_uag_custom_page_level_css":"","site-sidebar-layout":"default","site-content-layout":"default","ast-main-header-display":"","ast-hfb-above-header-display":"","ast-hfb-below-header-display":"","ast-hfb-mobile-header-display":"","site-post-title":"","ast-breadcrumbs-content":"","ast-featured-img":"","footer-sml-layout":"","theme-transparent-header-meta":"","adv-header-id-meta":"","stick-header-meta":"","header-above-stick-meta":"","header-main-stick-meta":"","header-below-stick-meta":""},"product_brand":[],"product_cat":[24],"product_tag":[],"class_list":{"0":"post-1432","1":"product","2":"type-product","3":"status-publish","4":"has-post-thumbnail","6":"product_cat-casques-ralonges","8":"first","9":"instock","10":"shipping-taxable","11":"product-type-simple"},"yoast_head":"<!-- This site is optimized with the Yoast SEO plugin v25.3 - https:\/\/yoast.com\/wordpress\/plugins\/seo\/ -->\n<title>Casque IPF d\u00e9part avion - push \/ back - maintenance (rallonge 15 m\u00e8tres int\u00e9gr\u00e9e)<\/title>\n<meta name=\"description\" content=\"Le casque IPF Bluesky, rallonge 15 m\u00e8tres int\u00e9gr\u00e9e, destin\u00e9 aux \u00e9quipes de piste et maintenance, permet une communication optimale dans un univers bruyant.\" \/>\n<meta name=\"robots\" content=\"index, follow, max-snippet:-1, max-image-preview:large, max-video-preview:-1\" \/>\n<link rel=\"canonical\" href=\"https:\/\/tarmac-equipements.fr\/index.php\/produit\/casque-ipf-depart-avion-push-back-maintenance-rallonge-15-metres-integree-2\/\" \/>\n<meta property=\"og:locale\" content=\"fr_FR\" \/>\n<meta property=\"og:type\" content=\"article\" \/>\n<meta property=\"og:title\" content=\"Casque IPF d\u00e9part avion - push \/ back - maintenance (rallonge 15 m\u00e8tres int\u00e9gr\u00e9e)\" \/>\n<meta property=\"og:description\" content=\"Le casque IPF Bluesky, rallonge 15 m\u00e8tres int\u00e9gr\u00e9e, destin\u00e9 aux \u00e9quipes de piste et maintenance, permet une communication optimale dans un univers bruyant.\" \/>\n<meta property=\"og:url\" content=\"https:\/\/tarmac-equipements.fr\/index.php\/produit\/casque-ipf-depart-avion-push-back-maintenance-rallonge-15-metres-integree-2\/\" \/>\n<meta property=\"og:site_name\" content=\"TARMAC EQUIPEMENTS\" \/>\n<meta property=\"article:modified_time\" content=\"2022-11-17T19:46:36+00:00\" \/>\n<meta property=\"og:image\" content=\"https:\/\/tarmac-equipements.fr\/wp-content\/uploads\/2022\/11\/Casque-IPF-depart-avion-\u2013-push-back-\u2013-maintenance-rallonge-15-metres-integree.jpg?v=1672863289\" \/>\n\t<meta property=\"og:image:width\" content=\"2000\" \/>\n\t<meta property=\"og:image:height\" content=\"2000\" \/>\n\t<meta property=\"og:image:type\" content=\"image\/jpeg\" \/>\n<meta name=\"twitter:card\" content=\"summary_large_image\" \/>\n<meta name=\"twitter:label1\" content=\"Dur\u00e9e de lecture estim\u00e9e\" \/>\n\t<meta name=\"twitter:data1\" content=\"1 minute\" \/>\n<script type=\"application\/ld+json\" class=\"yoast-schema-graph\">{\"@context\":\"https:\/\/schema.org\",\"@graph\":[{\"@type\":\"WebPage\",\"@id\":\"https:\/\/tarmac-equipements.fr\/index.php\/produit\/casque-ipf-depart-avion-push-back-maintenance-rallonge-15-metres-integree-2\/\",\"url\":\"https:\/\/tarmac-equipements.fr\/index.php\/produit\/casque-ipf-depart-avion-push-back-maintenance-rallonge-15-metres-integree-2\/\",\"name\":\"Casque IPF d\u00e9part avion - push \/ back - maintenance (rallonge 15 m\u00e8tres int\u00e9gr\u00e9e)\",\"isPartOf\":{\"@id\":\"https:\/\/tarmac-equipements.fr\/#website\"},\"primaryImageOfPage\":{\"@id\":\"https:\/\/tarmac-equipements.fr\/index.php\/produit\/casque-ipf-depart-avion-push-back-maintenance-rallonge-15-metres-integree-2\/#primaryimage\"},\"image\":{\"@id\":\"https:\/\/tarmac-equipements.fr\/index.php\/produit\/casque-ipf-depart-avion-push-back-maintenance-rallonge-15-metres-integree-2\/#primaryimage\"},\"thumbnailUrl\":\"https:\/\/tarmac-equipements.fr\/wp-content\/uploads\/2022\/11\/Casque-IPF-depart-avion-\u2013-push-back-\u2013-maintenance-rallonge-15-metres-integree.jpg?v=1672863289\",\"datePublished\":\"2022-11-02T11:39:13+00:00\",\"dateModified\":\"2022-11-17T19:46:36+00:00\",\"description\":\"Le casque IPF Bluesky, rallonge 15 m\u00e8tres int\u00e9gr\u00e9e, destin\u00e9 aux \u00e9quipes de piste et maintenance, permet une communication optimale dans un univers bruyant.\",\"breadcrumb\":{\"@id\":\"https:\/\/tarmac-equipements.fr\/index.php\/produit\/casque-ipf-depart-avion-push-back-maintenance-rallonge-15-metres-integree-2\/#breadcrumb\"},\"inLanguage\":\"fr-FR\",\"potentialAction\":[{\"@type\":\"ReadAction\",\"target\":[\"https:\/\/tarmac-equipements.fr\/index.php\/produit\/casque-ipf-depart-avion-push-back-maintenance-rallonge-15-metres-integree-2\/\"]}]},{\"@type\":\"ImageObject\",\"inLanguage\":\"fr-FR\",\"@id\":\"https:\/\/tarmac-equipements.fr\/index.php\/produit\/casque-ipf-depart-avion-push-back-maintenance-rallonge-15-metres-integree-2\/#primaryimage\",\"url\":\"https:\/\/tarmac-equipements.fr\/wp-content\/uploads\/2022\/11\/Casque-IPF-depart-avion-\u2013-push-back-\u2013-maintenance-rallonge-15-metres-integree.jpg?v=1672863289\",\"contentUrl\":\"https:\/\/tarmac-equipements.fr\/wp-content\/uploads\/2022\/11\/Casque-IPF-depart-avion-\u2013-push-back-\u2013-maintenance-rallonge-15-metres-integree.jpg?v=1672863289\",\"width\":2000,\"height\":2000},{\"@type\":\"BreadcrumbList\",\"@id\":\"https:\/\/tarmac-equipements.fr\/index.php\/produit\/casque-ipf-depart-avion-push-back-maintenance-rallonge-15-metres-integree-2\/#breadcrumb\",\"itemListElement\":[{\"@type\":\"ListItem\",\"position\":1,\"name\":\"Accueil\",\"item\":\"https:\/\/tarmac-equipements.fr\/\"},{\"@type\":\"ListItem\",\"position\":2,\"name\":\"NOS PRODUITS\",\"item\":\"https:\/\/tarmac-equipements.fr\/index.php\/boutique\/\"},{\"@type\":\"ListItem\",\"position\":3,\"name\":\"Casque IPF d\u00e9part avion &#8211; push \/ back &#8211; maintenance (rallonge 15 m\u00e8tres int\u00e9gr\u00e9e)\"}]},{\"@type\":\"WebSite\",\"@id\":\"https:\/\/tarmac-equipements.fr\/#website\",\"url\":\"https:\/\/tarmac-equipements.fr\/\",\"name\":\"TARMAC EQUIPEMENTS\",\"description\":\"ACCESSOIRES AEROPORTUAIRES\",\"publisher\":{\"@id\":\"https:\/\/tarmac-equipements.fr\/#organization\"},\"potentialAction\":[{\"@type\":\"SearchAction\",\"target\":{\"@type\":\"EntryPoint\",\"urlTemplate\":\"https:\/\/tarmac-equipements.fr\/?s={search_term_string}\"},\"query-input\":{\"@type\":\"PropertyValueSpecification\",\"valueRequired\":true,\"valueName\":\"search_term_string\"}}],\"inLanguage\":\"fr-FR\"},{\"@type\":\"Organization\",\"@id\":\"https:\/\/tarmac-equipements.fr\/#organization\",\"name\":\"TARMAC EQUIPEMENTS\",\"url\":\"https:\/\/tarmac-equipements.fr\/\",\"logo\":{\"@type\":\"ImageObject\",\"inLanguage\":\"fr-FR\",\"@id\":\"https:\/\/tarmac-equipements.fr\/#\/schema\/logo\/image\/\",\"url\":\"https:\/\/tarmac-equipements.fr\/wp-content\/uploads\/2022\/01\/Logo-Officiel.png\",\"contentUrl\":\"https:\/\/tarmac-equipements.fr\/wp-content\/uploads\/2022\/01\/Logo-Officiel.png\",\"width\":1024,\"height\":576,\"caption\":\"TARMAC EQUIPEMENTS\"},\"image\":{\"@id\":\"https:\/\/tarmac-equipements.fr\/#\/schema\/logo\/image\/\"}}]}<\/script>\n<!-- \/ Yoast SEO plugin. -->","yoast_head_json":{"title":"Casque IPF d\u00e9part avion - push \/ back - maintenance (rallonge 15 m\u00e8tres int\u00e9gr\u00e9e)","description":"Le casque IPF Bluesky, rallonge 15 m\u00e8tres int\u00e9gr\u00e9e, destin\u00e9 aux \u00e9quipes de piste et maintenance, permet une communication optimale dans un univers bruyant.","robots":{"index":"index","follow":"follow","max-snippet":"max-snippet:-1","max-image-preview":"max-image-preview:large","max-video-preview":"max-video-preview:-1"},"canonical":"https:\/\/tarmac-equipements.fr\/index.php\/produit\/casque-ipf-depart-avion-push-back-maintenance-rallonge-15-metres-integree-2\/","og_locale":"fr_FR","og_type":"article","og_title":"Casque IPF d\u00e9part avion - push \/ back - maintenance (rallonge 15 m\u00e8tres int\u00e9gr\u00e9e)","og_description":"Le casque IPF Bluesky, rallonge 15 m\u00e8tres int\u00e9gr\u00e9e, destin\u00e9 aux \u00e9quipes de piste et maintenance, permet une communication optimale dans un univers bruyant.","og_url":"https:\/\/tarmac-equipements.fr\/index.php\/produit\/casque-ipf-depart-avion-push-back-maintenance-rallonge-15-metres-integree-2\/","og_site_name":"TARMAC EQUIPEMENTS","article_modified_time":"2022-11-17T19:46:36+00:00","og_image":[{"width":2000,"height":2000,"url":"https:\/\/tarmac-equipements.fr\/wp-content\/uploads\/2022\/11\/Casque-IPF-depart-avion-\u2013-push-back-\u2013-maintenance-rallonge-15-metres-integree.jpg?v=1672863289","type":"image\/jpeg"}],"twitter_card":"summary_large_image","twitter_misc":{"Dur\u00e9e de lecture estim\u00e9e":"1 minute"},"schema":{"@context":"https:\/\/schema.org","@graph":[{"@type":"WebPage","@id":"https:\/\/tarmac-equipements.fr\/index.php\/produit\/casque-ipf-depart-avion-push-back-maintenance-rallonge-15-metres-integree-2\/","url":"https:\/\/tarmac-equipements.fr\/index.php\/produit\/casque-ipf-depart-avion-push-back-maintenance-rallonge-15-metres-integree-2\/","name":"Casque IPF d\u00e9part avion - push \/ back - maintenance (rallonge 15 m\u00e8tres int\u00e9gr\u00e9e)","isPartOf":{"@id":"https:\/\/tarmac-equipements.fr\/#website"},"primaryImageOfPage":{"@id":"https:\/\/tarmac-equipements.fr\/index.php\/produit\/casque-ipf-depart-avion-push-back-maintenance-rallonge-15-metres-integree-2\/#primaryimage"},"image":{"@id":"https:\/\/tarmac-equipements.fr\/index.php\/produit\/casque-ipf-depart-avion-push-back-maintenance-rallonge-15-metres-integree-2\/#primaryimage"},"thumbnailUrl":"https:\/\/tarmac-equipements.fr\/wp-content\/uploads\/2022\/11\/Casque-IPF-depart-avion-\u2013-push-back-\u2013-maintenance-rallonge-15-metres-integree.jpg?v=1672863289","datePublished":"2022-11-02T11:39:13+00:00","dateModified":"2022-11-17T19:46:36+00:00","description":"Le casque IPF Bluesky, rallonge 15 m\u00e8tres int\u00e9gr\u00e9e, destin\u00e9 aux \u00e9quipes de piste et maintenance, permet une communication optimale dans un univers bruyant.","breadcrumb":{"@id":"https:\/\/tarmac-equipements.fr\/index.php\/produit\/casque-ipf-depart-avion-push-back-maintenance-rallonge-15-metres-integree-2\/#breadcrumb"},"inLanguage":"fr-FR","potentialAction":[{"@type":"ReadAction","target":["https:\/\/tarmac-equipements.fr\/index.php\/produit\/casque-ipf-depart-avion-push-back-maintenance-rallonge-15-metres-integree-2\/"]}]},{"@type":"ImageObject","inLanguage":"fr-FR","@id":"https:\/\/tarmac-equipements.fr\/index.php\/produit\/casque-ipf-depart-avion-push-back-maintenance-rallonge-15-metres-integree-2\/#primaryimage","url":"https:\/\/tarmac-equipements.fr\/wp-content\/uploads\/2022\/11\/Casque-IPF-depart-avion-\u2013-push-back-\u2013-maintenance-rallonge-15-metres-integree.jpg?v=1672863289","contentUrl":"https:\/\/tarmac-equipements.fr\/wp-content\/uploads\/2022\/11\/Casque-IPF-depart-avion-\u2013-push-back-\u2013-maintenance-rallonge-15-metres-integree.jpg?v=1672863289","width":2000,"height":2000},{"@type":"BreadcrumbList","@id":"https:\/\/tarmac-equipements.fr\/index.php\/produit\/casque-ipf-depart-avion-push-back-maintenance-rallonge-15-metres-integree-2\/#breadcrumb","itemListElement":[{"@type":"ListItem","position":1,"name":"Accueil","item":"https:\/\/tarmac-equipements.fr\/"},{"@type":"ListItem","position":2,"name":"NOS PRODUITS","item":"https:\/\/tarmac-equipements.fr\/index.php\/boutique\/"},{"@type":"ListItem","position":3,"name":"Casque IPF d\u00e9part avion &#8211; push \/ back &#8211; maintenance (rallonge 15 m\u00e8tres int\u00e9gr\u00e9e)"}]},{"@type":"WebSite","@id":"https:\/\/tarmac-equipements.fr\/#website","url":"https:\/\/tarmac-equipements.fr\/","name":"TARMAC EQUIPEMENTS","description":"ACCESSOIRES AEROPORTUAIRES","publisher":{"@id":"https:\/\/tarmac-equipements.fr\/#organization"},"potentialAction":[{"@type":"SearchAction","target":{"@type":"EntryPoint","urlTemplate":"https:\/\/tarmac-equipements.fr\/?s={search_term_string}"},"query-input":{"@type":"PropertyValueSpecification","valueRequired":true,"valueName":"search_term_string"}}],"inLanguage":"fr-FR"},{"@type":"Organization","@id":"https:\/\/tarmac-equipements.fr\/#organization","name":"TARMAC EQUIPEMENTS","url":"https:\/\/tarmac-equipements.fr\/","logo":{"@type":"ImageObject","inLanguage":"fr-FR","@id":"https:\/\/tarmac-equipements.fr\/#\/schema\/logo\/image\/","url":"https:\/\/tarmac-equipements.fr\/wp-content\/uploads\/2022\/01\/Logo-Officiel.png","contentUrl":"https:\/\/tarmac-equipements.fr\/wp-content\/uploads\/2022\/01\/Logo-Officiel.png","width":1024,"height":576,"caption":"TARMAC EQUIPEMENTS"},"image":{"@id":"https:\/\/tarmac-equipements.fr\/#\/schema\/logo\/image\/"}}]}},"uagb_featured_image_src":{"full":["https:\/\/tarmac-equipements.fr\/wp-content\/uploads\/2022\/11\/Casque-IPF-depart-avion-\u2013-push-back-\u2013-maintenance-rallonge-15-metres-integree.jpg?v=1672863289",2000,2000,false],"thumbnail":["https:\/\/tarmac-equipements.fr\/wp-content\/uploads\/2022\/11\/Casque-IPF-depart-avion-\u2013-push-back-\u2013-maintenance-rallonge-15-metres-integree-150x150.jpg?v=1672863289",150,150,true],"medium":["https:\/\/tarmac-equipements.fr\/wp-content\/uploads\/2022\/11\/Casque-IPF-depart-avion-\u2013-push-back-\u2013-maintenance-rallonge-15-metres-integree-300x300.jpg?v=1672863289",300,300,true],"medium_large":["https:\/\/tarmac-equipements.fr\/wp-content\/uploads\/2022\/11\/Casque-IPF-depart-avion-\u2013-push-back-\u2013-maintenance-rallonge-15-metres-integree-768x768.jpg?v=1672863289",768,768,true],"large":["https:\/\/tarmac-equipements.fr\/wp-content\/uploads\/2022\/11\/Casque-IPF-depart-avion-\u2013-push-back-\u2013-maintenance-rallonge-15-metres-integree-1024x1024.jpg?v=1672863289",1024,1024,true],"1536x1536":["https:\/\/tarmac-equipements.fr\/wp-content\/uploads\/2022\/11\/Casque-IPF-depart-avion-\u2013-push-back-\u2013-maintenance-rallonge-15-metres-integree-1536x1536.jpg?v=1672863289",1536,1536,true],"2048x2048":["https:\/\/tarmac-equipements.fr\/wp-content\/uploads\/2022\/11\/Casque-IPF-depart-avion-\u2013-push-back-\u2013-maintenance-rallonge-15-metres-integree.jpg?v=1672863289",2000,2000,false],"woocommerce_thumbnail":["https:\/\/tarmac-equipements.fr\/wp-content\/uploads\/2022\/11\/Casque-IPF-depart-avion-\u2013-push-back-\u2013-maintenance-rallonge-15-metres-integree-300x300.jpg?v=1672863289",300,300,true],"woocommerce_single":["https:\/\/tarmac-equipements.fr\/wp-content\/uploads\/2022\/11\/Casque-IPF-depart-avion-\u2013-push-back-\u2013-maintenance-rallonge-15-metres-integree-600x600.jpg?v=1672863289",600,600,true],"woocommerce_gallery_thumbnail":["https:\/\/tarmac-equipements.fr\/wp-content\/uploads\/2022\/11\/Casque-IPF-depart-avion-\u2013-push-back-\u2013-maintenance-rallonge-15-metres-integree-100x100.jpg?v=1672863289",100,100,true]},"uagb_author_info":{"display_name":"Alexandre Hallot","author_link":"https:\/\/tarmac-equipements.fr\/index.php\/author\/"},"uagb_comment_info":0,"uagb_excerpt":"Le casque IPF Bluesky avec rallonge int\u00e9gr\u00e9e est un casque de d\u00e9part avion destin\u00e9 aux op\u00e9rations push\/back et maintenance. Sa configuration permet une communication optimale dans un milieu bruyant.","jetpack_sharing_enabled":true,"_links":{"self":[{"href":"https:\/\/tarmac-equipements.fr\/index.php\/wp-json\/wp\/v2\/product\/1432","targetHints":{"allow":["GET"]}}],"collection":[{"href":"https:\/\/tarmac-equipements.fr\/index.php\/wp-json\/wp\/v2\/product"}],"about":[{"href":"https:\/\/tarmac-equipements.fr\/index.php\/wp-json\/wp\/v2\/types\/product"}],"wp:featuredmedia":[{"embeddable":true,"href":"https:\/\/tarmac-equipements.fr\/index.php\/wp-json\/wp\/v2\/media\/1510"}],"wp:attachment":[{"href":"https:\/\/tarmac-equipements.fr\/index.php\/wp-json\/wp\/v2\/media?parent=1432"}],"wp:term":[{"taxonomy":"product_brand","embeddable":true,"href":"https:\/\/tarmac-equipements.fr\/index.php\/wp-json\/wp\/v2\/product_brand?post=1432"},{"taxonomy":"product_cat","embeddable":true,"href":"https:\/\/tarmac-equipements.fr\/index.php\/wp-json\/wp\/v2\/product_cat?post=1432"},{"taxonomy":"product_tag","embeddable":true,"href":"https:\/\/tarmac-equipements.fr\/index.php\/wp-json\/wp\/v2\/product_tag?post=1432"}],"curies":[{"name":"wp","href":"https:\/\/api.w.org\/{rel}","templated":true}]}}