{"id":1446,"date":"2022-11-02T15:57:48","date_gmt":"2022-11-02T14:57:48","guid":{"rendered":"http:\/\/tarmac-equipements.fr\/?post_type=product&#038;p=1446"},"modified":"2022-11-17T17:14:02","modified_gmt":"2022-11-17T16:14:02","slug":"retroviseur-incassable-spafax-vm1r-305-x-205-mm","status":"publish","type":"product","link":"https:\/\/tarmac-equipements.fr\/index.php\/produit\/retroviseur-incassable-spafax-vm1r-305-x-205-mm\/","title":{"rendered":"R\u00e9troviseur Incassable SPAFAX VM1R 305 x 205 mm"},"content":{"rendered":"<p>Taille de la lentille : 305 x 205mm.<br \/>\nS&rsquo;adapte sur tout tube de 16mm \u00e0 32mm.<br \/>\nAdaptation universelle<br \/>\nExiste en jaune<br \/>\nPour tous les v\u00e9hicules destin\u00e9s \u00e0 un usage agricole, bus, travaux publics, manutention, militaire, commercial, ville, et a\u00e9roportuaire.<br \/>\n(type Tracma, chariots bagages, tapis bagages, d\u00e9givreuses, 4&#215;4 etc.)<\/p>\n<p>Pour optimiser la vision de jour comme de nuit.<br \/>\nLes r\u00e9troviseurs SPAFAX disposent d\u2019un montage universel, de bo\u00eetier en polypropyl\u00e8ne et de lentille en polycarbonate, pas d\u2019\u00e9clats de verre et l\u2019eau glisse \u00e0 son contact.<br \/>\nLeur durabilit\u00e9 permet d\u2019investir dans une r\u00e9duction des co\u00fbts, tout en optimisant leur r\u00f4le et cela en respectant l\u2019environnement.<\/p>\n<p>Ces r\u00e9troviseurs s\u2019utilisent principalement sur camion, bus, tracteur, engin a\u00e9roportuaire, v\u00e9hicule de travaux publics et agricoles, chariot, nacelle, grue\u2026<\/p>\n","protected":false},"excerpt":{"rendered":"<p>D\u00e9couvrez une large gamme de r\u00e9troviseurs incassables de la marque SPAFAX, d\u00e9di\u00e9s aux engins a\u00e9roportuaires, bus, travaux publics, manutention, agricoles, militaires, etc&#8230;<\/p>\n","protected":false},"featured_media":1460,"template":"","meta":{"_uag_custom_page_level_css":"","site-sidebar-layout":"default","site-content-layout":"default","ast-main-header-display":"","ast-hfb-above-header-display":"","ast-hfb-below-header-display":"","ast-hfb-mobile-header-display":"","site-post-title":"","ast-breadcrumbs-content":"","ast-featured-img":"","footer-sml-layout":"","theme-transparent-header-meta":"","adv-header-id-meta":"","stick-header-meta":"","header-above-stick-meta":"","header-main-stick-meta":"","header-below-stick-meta":""},"product_brand":[],"product_cat":[34,183],"product_tag":[],"class_list":{"0":"post-1446","1":"product","2":"type-product","3":"status-publish","4":"has-post-thumbnail","6":"product_cat-pieces-detachees","7":"product_cat-pieces-detachees-equipements-industriels","9":"first","10":"instock","11":"shipping-taxable","12":"product-type-simple"},"yoast_head":"<!-- This site is optimized with the Yoast SEO plugin v25.3 - https:\/\/yoast.com\/wordpress\/plugins\/seo\/ -->\n<title>R\u00e9troviseur Incassable SPAFAX VM1R 305 x 205 mm<\/title>\n<meta name=\"description\" content=\"D\u00e9couvrez notre large gamme de r\u00e9troviseurs incassables de la marque SPAFAX, d\u00e9di\u00e9s aux engins a\u00e9roportuaires, de manutention, agricoles, militaires...\" \/>\n<meta name=\"robots\" content=\"index, follow, max-snippet:-1, max-image-preview:large, max-video-preview:-1\" \/>\n<link rel=\"canonical\" href=\"http:\/\/tarmac-equipements.fr\/index.php\/produit\/retroviseur-incassable-spafax-vm1r-305-x-205-mm\/\" \/>\n<meta property=\"og:locale\" content=\"fr_FR\" \/>\n<meta property=\"og:type\" content=\"article\" \/>\n<meta property=\"og:title\" content=\"R\u00e9troviseur Incassable SPAFAX VM1R 305 x 205 mm\" \/>\n<meta property=\"og:description\" content=\"D\u00e9couvrez notre large gamme de r\u00e9troviseurs incassables de la marque SPAFAX, d\u00e9di\u00e9s aux engins a\u00e9roportuaires, de manutention, agricoles, militaires...\" \/>\n<meta property=\"og:url\" content=\"http:\/\/tarmac-equipements.fr\/index.php\/produit\/retroviseur-incassable-spafax-vm1r-305-x-205-mm\/\" \/>\n<meta property=\"og:site_name\" content=\"TARMAC EQUIPEMENTS\" \/>\n<meta property=\"article:modified_time\" content=\"2022-11-17T16:14:02+00:00\" \/>\n<meta property=\"og:image\" content=\"http:\/\/tarmac-equipements.fr\/wp-content\/uploads\/2022\/11\/Retroviseur-Incassable-SPAFAX-VM1R-305-x205-mm.jpg?v=1672863389\" \/>\n\t<meta property=\"og:image:width\" content=\"2000\" \/>\n\t<meta property=\"og:image:height\" content=\"2000\" \/>\n\t<meta property=\"og:image:type\" content=\"image\/jpeg\" \/>\n<meta name=\"twitter:card\" content=\"summary_large_image\" \/>\n<meta name=\"twitter:label1\" content=\"Dur\u00e9e de lecture estim\u00e9e\" \/>\n\t<meta name=\"twitter:data1\" content=\"1 minute\" \/>\n<script type=\"application\/ld+json\" class=\"yoast-schema-graph\">{\"@context\":\"https:\/\/schema.org\",\"@graph\":[{\"@type\":\"WebPage\",\"@id\":\"http:\/\/tarmac-equipements.fr\/index.php\/produit\/retroviseur-incassable-spafax-vm1r-305-x-205-mm\/\",\"url\":\"http:\/\/tarmac-equipements.fr\/index.php\/produit\/retroviseur-incassable-spafax-vm1r-305-x-205-mm\/\",\"name\":\"R\u00e9troviseur Incassable SPAFAX VM1R 305 x 205 mm\",\"isPartOf\":{\"@id\":\"https:\/\/tarmac-equipements.fr\/#website\"},\"primaryImageOfPage\":{\"@id\":\"http:\/\/tarmac-equipements.fr\/index.php\/produit\/retroviseur-incassable-spafax-vm1r-305-x-205-mm\/#primaryimage\"},\"image\":{\"@id\":\"http:\/\/tarmac-equipements.fr\/index.php\/produit\/retroviseur-incassable-spafax-vm1r-305-x-205-mm\/#primaryimage\"},\"thumbnailUrl\":\"https:\/\/tarmac-equipements.fr\/wp-content\/uploads\/2022\/11\/Retroviseur-Incassable-SPAFAX-VM1R-305-x205-mm.jpg?v=1672863389\",\"datePublished\":\"2022-11-02T14:57:48+00:00\",\"dateModified\":\"2022-11-17T16:14:02+00:00\",\"description\":\"D\u00e9couvrez notre large gamme de r\u00e9troviseurs incassables de la marque SPAFAX, d\u00e9di\u00e9s aux engins a\u00e9roportuaires, de manutention, agricoles, militaires...\",\"breadcrumb\":{\"@id\":\"http:\/\/tarmac-equipements.fr\/index.php\/produit\/retroviseur-incassable-spafax-vm1r-305-x-205-mm\/#breadcrumb\"},\"inLanguage\":\"fr-FR\",\"potentialAction\":[{\"@type\":\"ReadAction\",\"target\":[\"http:\/\/tarmac-equipements.fr\/index.php\/produit\/retroviseur-incassable-spafax-vm1r-305-x-205-mm\/\"]}]},{\"@type\":\"ImageObject\",\"inLanguage\":\"fr-FR\",\"@id\":\"http:\/\/tarmac-equipements.fr\/index.php\/produit\/retroviseur-incassable-spafax-vm1r-305-x-205-mm\/#primaryimage\",\"url\":\"https:\/\/tarmac-equipements.fr\/wp-content\/uploads\/2022\/11\/Retroviseur-Incassable-SPAFAX-VM1R-305-x205-mm.jpg?v=1672863389\",\"contentUrl\":\"https:\/\/tarmac-equipements.fr\/wp-content\/uploads\/2022\/11\/Retroviseur-Incassable-SPAFAX-VM1R-305-x205-mm.jpg?v=1672863389\",\"width\":2000,\"height\":2000},{\"@type\":\"BreadcrumbList\",\"@id\":\"http:\/\/tarmac-equipements.fr\/index.php\/produit\/retroviseur-incassable-spafax-vm1r-305-x-205-mm\/#breadcrumb\",\"itemListElement\":[{\"@type\":\"ListItem\",\"position\":1,\"name\":\"Accueil\",\"item\":\"https:\/\/tarmac-equipements.fr\/\"},{\"@type\":\"ListItem\",\"position\":2,\"name\":\"NOS PRODUITS\",\"item\":\"https:\/\/tarmac-equipements.fr\/index.php\/boutique\/\"},{\"@type\":\"ListItem\",\"position\":3,\"name\":\"R\u00e9troviseur Incassable SPAFAX VM1R 305 x 205 mm\"}]},{\"@type\":\"WebSite\",\"@id\":\"https:\/\/tarmac-equipements.fr\/#website\",\"url\":\"https:\/\/tarmac-equipements.fr\/\",\"name\":\"TARMAC EQUIPEMENTS\",\"description\":\"ACCESSOIRES AEROPORTUAIRES\",\"publisher\":{\"@id\":\"https:\/\/tarmac-equipements.fr\/#organization\"},\"potentialAction\":[{\"@type\":\"SearchAction\",\"target\":{\"@type\":\"EntryPoint\",\"urlTemplate\":\"https:\/\/tarmac-equipements.fr\/?s={search_term_string}\"},\"query-input\":{\"@type\":\"PropertyValueSpecification\",\"valueRequired\":true,\"valueName\":\"search_term_string\"}}],\"inLanguage\":\"fr-FR\"},{\"@type\":\"Organization\",\"@id\":\"https:\/\/tarmac-equipements.fr\/#organization\",\"name\":\"TARMAC EQUIPEMENTS\",\"url\":\"https:\/\/tarmac-equipements.fr\/\",\"logo\":{\"@type\":\"ImageObject\",\"inLanguage\":\"fr-FR\",\"@id\":\"https:\/\/tarmac-equipements.fr\/#\/schema\/logo\/image\/\",\"url\":\"https:\/\/tarmac-equipements.fr\/wp-content\/uploads\/2022\/01\/Logo-Officiel.png\",\"contentUrl\":\"https:\/\/tarmac-equipements.fr\/wp-content\/uploads\/2022\/01\/Logo-Officiel.png\",\"width\":1024,\"height\":576,\"caption\":\"TARMAC EQUIPEMENTS\"},\"image\":{\"@id\":\"https:\/\/tarmac-equipements.fr\/#\/schema\/logo\/image\/\"}}]}<\/script>\n<!-- \/ Yoast SEO plugin. -->","yoast_head_json":{"title":"R\u00e9troviseur Incassable SPAFAX VM1R 305 x 205 mm","description":"D\u00e9couvrez notre large gamme de r\u00e9troviseurs incassables de la marque SPAFAX, d\u00e9di\u00e9s aux engins a\u00e9roportuaires, de manutention, agricoles, militaires...","robots":{"index":"index","follow":"follow","max-snippet":"max-snippet:-1","max-image-preview":"max-image-preview:large","max-video-preview":"max-video-preview:-1"},"canonical":"http:\/\/tarmac-equipements.fr\/index.php\/produit\/retroviseur-incassable-spafax-vm1r-305-x-205-mm\/","og_locale":"fr_FR","og_type":"article","og_title":"R\u00e9troviseur Incassable SPAFAX VM1R 305 x 205 mm","og_description":"D\u00e9couvrez notre large gamme de r\u00e9troviseurs incassables de la marque SPAFAX, d\u00e9di\u00e9s aux engins a\u00e9roportuaires, de manutention, agricoles, militaires...","og_url":"http:\/\/tarmac-equipements.fr\/index.php\/produit\/retroviseur-incassable-spafax-vm1r-305-x-205-mm\/","og_site_name":"TARMAC EQUIPEMENTS","article_modified_time":"2022-11-17T16:14:02+00:00","og_image":[{"width":2000,"height":2000,"url":"http:\/\/tarmac-equipements.fr\/wp-content\/uploads\/2022\/11\/Retroviseur-Incassable-SPAFAX-VM1R-305-x205-mm.jpg?v=1672863389","type":"image\/jpeg"}],"twitter_card":"summary_large_image","twitter_misc":{"Dur\u00e9e de lecture estim\u00e9e":"1 minute"},"schema":{"@context":"https:\/\/schema.org","@graph":[{"@type":"WebPage","@id":"http:\/\/tarmac-equipements.fr\/index.php\/produit\/retroviseur-incassable-spafax-vm1r-305-x-205-mm\/","url":"http:\/\/tarmac-equipements.fr\/index.php\/produit\/retroviseur-incassable-spafax-vm1r-305-x-205-mm\/","name":"R\u00e9troviseur Incassable SPAFAX VM1R 305 x 205 mm","isPartOf":{"@id":"https:\/\/tarmac-equipements.fr\/#website"},"primaryImageOfPage":{"@id":"http:\/\/tarmac-equipements.fr\/index.php\/produit\/retroviseur-incassable-spafax-vm1r-305-x-205-mm\/#primaryimage"},"image":{"@id":"http:\/\/tarmac-equipements.fr\/index.php\/produit\/retroviseur-incassable-spafax-vm1r-305-x-205-mm\/#primaryimage"},"thumbnailUrl":"https:\/\/tarmac-equipements.fr\/wp-content\/uploads\/2022\/11\/Retroviseur-Incassable-SPAFAX-VM1R-305-x205-mm.jpg?v=1672863389","datePublished":"2022-11-02T14:57:48+00:00","dateModified":"2022-11-17T16:14:02+00:00","description":"D\u00e9couvrez notre large gamme de r\u00e9troviseurs incassables de la marque SPAFAX, d\u00e9di\u00e9s aux engins a\u00e9roportuaires, de manutention, agricoles, militaires...","breadcrumb":{"@id":"http:\/\/tarmac-equipements.fr\/index.php\/produit\/retroviseur-incassable-spafax-vm1r-305-x-205-mm\/#breadcrumb"},"inLanguage":"fr-FR","potentialAction":[{"@type":"ReadAction","target":["http:\/\/tarmac-equipements.fr\/index.php\/produit\/retroviseur-incassable-spafax-vm1r-305-x-205-mm\/"]}]},{"@type":"ImageObject","inLanguage":"fr-FR","@id":"http:\/\/tarmac-equipements.fr\/index.php\/produit\/retroviseur-incassable-spafax-vm1r-305-x-205-mm\/#primaryimage","url":"https:\/\/tarmac-equipements.fr\/wp-content\/uploads\/2022\/11\/Retroviseur-Incassable-SPAFAX-VM1R-305-x205-mm.jpg?v=1672863389","contentUrl":"https:\/\/tarmac-equipements.fr\/wp-content\/uploads\/2022\/11\/Retroviseur-Incassable-SPAFAX-VM1R-305-x205-mm.jpg?v=1672863389","width":2000,"height":2000},{"@type":"BreadcrumbList","@id":"http:\/\/tarmac-equipements.fr\/index.php\/produit\/retroviseur-incassable-spafax-vm1r-305-x-205-mm\/#breadcrumb","itemListElement":[{"@type":"ListItem","position":1,"name":"Accueil","item":"https:\/\/tarmac-equipements.fr\/"},{"@type":"ListItem","position":2,"name":"NOS PRODUITS","item":"https:\/\/tarmac-equipements.fr\/index.php\/boutique\/"},{"@type":"ListItem","position":3,"name":"R\u00e9troviseur Incassable SPAFAX VM1R 305 x 205 mm"}]},{"@type":"WebSite","@id":"https:\/\/tarmac-equipements.fr\/#website","url":"https:\/\/tarmac-equipements.fr\/","name":"TARMAC EQUIPEMENTS","description":"ACCESSOIRES AEROPORTUAIRES","publisher":{"@id":"https:\/\/tarmac-equipements.fr\/#organization"},"potentialAction":[{"@type":"SearchAction","target":{"@type":"EntryPoint","urlTemplate":"https:\/\/tarmac-equipements.fr\/?s={search_term_string}"},"query-input":{"@type":"PropertyValueSpecification","valueRequired":true,"valueName":"search_term_string"}}],"inLanguage":"fr-FR"},{"@type":"Organization","@id":"https:\/\/tarmac-equipements.fr\/#organization","name":"TARMAC EQUIPEMENTS","url":"https:\/\/tarmac-equipements.fr\/","logo":{"@type":"ImageObject","inLanguage":"fr-FR","@id":"https:\/\/tarmac-equipements.fr\/#\/schema\/logo\/image\/","url":"https:\/\/tarmac-equipements.fr\/wp-content\/uploads\/2022\/01\/Logo-Officiel.png","contentUrl":"https:\/\/tarmac-equipements.fr\/wp-content\/uploads\/2022\/01\/Logo-Officiel.png","width":1024,"height":576,"caption":"TARMAC EQUIPEMENTS"},"image":{"@id":"https:\/\/tarmac-equipements.fr\/#\/schema\/logo\/image\/"}}]}},"uagb_featured_image_src":{"full":["https:\/\/tarmac-equipements.fr\/wp-content\/uploads\/2022\/11\/Retroviseur-Incassable-SPAFAX-VM1R-305-x205-mm.jpg?v=1672863389",2000,2000,false],"thumbnail":["https:\/\/tarmac-equipements.fr\/wp-content\/uploads\/2022\/11\/Retroviseur-Incassable-SPAFAX-VM1R-305-x205-mm-150x150.jpg?v=1672863389",150,150,true],"medium":["https:\/\/tarmac-equipements.fr\/wp-content\/uploads\/2022\/11\/Retroviseur-Incassable-SPAFAX-VM1R-305-x205-mm-300x300.jpg?v=1672863389",300,300,true],"medium_large":["https:\/\/tarmac-equipements.fr\/wp-content\/uploads\/2022\/11\/Retroviseur-Incassable-SPAFAX-VM1R-305-x205-mm-768x768.jpg?v=1672863389",768,768,true],"large":["https:\/\/tarmac-equipements.fr\/wp-content\/uploads\/2022\/11\/Retroviseur-Incassable-SPAFAX-VM1R-305-x205-mm-1024x1024.jpg?v=1672863389",1024,1024,true],"1536x1536":["https:\/\/tarmac-equipements.fr\/wp-content\/uploads\/2022\/11\/Retroviseur-Incassable-SPAFAX-VM1R-305-x205-mm-1536x1536.jpg?v=1672863389",1536,1536,true],"2048x2048":["https:\/\/tarmac-equipements.fr\/wp-content\/uploads\/2022\/11\/Retroviseur-Incassable-SPAFAX-VM1R-305-x205-mm.jpg?v=1672863389",2000,2000,false],"woocommerce_thumbnail":["https:\/\/tarmac-equipements.fr\/wp-content\/uploads\/2022\/11\/Retroviseur-Incassable-SPAFAX-VM1R-305-x205-mm-300x300.jpg?v=1672863389",300,300,true],"woocommerce_single":["https:\/\/tarmac-equipements.fr\/wp-content\/uploads\/2022\/11\/Retroviseur-Incassable-SPAFAX-VM1R-305-x205-mm-600x600.jpg?v=1672863389",600,600,true],"woocommerce_gallery_thumbnail":["https:\/\/tarmac-equipements.fr\/wp-content\/uploads\/2022\/11\/Retroviseur-Incassable-SPAFAX-VM1R-305-x205-mm-100x100.jpg?v=1672863389",100,100,true]},"uagb_author_info":{"display_name":"Alexandre Hallot","author_link":"https:\/\/tarmac-equipements.fr\/index.php\/author\/"},"uagb_comment_info":0,"uagb_excerpt":"D\u00e9couvrez une large gamme de r\u00e9troviseurs incassables de la marque SPAFAX, d\u00e9di\u00e9s aux engins a\u00e9roportuaires, bus, travaux publics, manutention, agricoles, militaires, etc...","jetpack_sharing_enabled":true,"_links":{"self":[{"href":"https:\/\/tarmac-equipements.fr\/index.php\/wp-json\/wp\/v2\/product\/1446","targetHints":{"allow":["GET"]}}],"collection":[{"href":"https:\/\/tarmac-equipements.fr\/index.php\/wp-json\/wp\/v2\/product"}],"about":[{"href":"https:\/\/tarmac-equipements.fr\/index.php\/wp-json\/wp\/v2\/types\/product"}],"wp:featuredmedia":[{"embeddable":true,"href":"https:\/\/tarmac-equipements.fr\/index.php\/wp-json\/wp\/v2\/media\/1460"}],"wp:attachment":[{"href":"https:\/\/tarmac-equipements.fr\/index.php\/wp-json\/wp\/v2\/media?parent=1446"}],"wp:term":[{"taxonomy":"product_brand","embeddable":true,"href":"https:\/\/tarmac-equipements.fr\/index.php\/wp-json\/wp\/v2\/product_brand?post=1446"},{"taxonomy":"product_cat","embeddable":true,"href":"https:\/\/tarmac-equipements.fr\/index.php\/wp-json\/wp\/v2\/product_cat?post=1446"},{"taxonomy":"product_tag","embeddable":true,"href":"https:\/\/tarmac-equipements.fr\/index.php\/wp-json\/wp\/v2\/product_tag?post=1446"}],"curies":[{"name":"wp","href":"https:\/\/api.w.org\/{rel}","templated":true}]}}